{"id":10492,"date":"2024-10-08T16:08:25","date_gmt":"2024-10-08T14:08:25","guid":{"rendered":"https:\/\/phono.shop\/?post_type=product&#038;p=10492"},"modified":"2025-11-10T15:39:08","modified_gmt":"2025-11-10T13:39:08","slug":"jungle-for-ever-21","status":"publish","type":"product","link":"https:\/\/phono.shop\/en\/product\/jungle-for-ever-21\/","title":{"rendered":"Just\u0117 Kraujelyt\u0117 - Imposter"},"content":{"rendered":"<p>Just\u0117 Kraujelyt\u0117 - Imposter<\/p>","protected":false},"excerpt":{"rendered":"<p>Just\u0117 Kraujelyt\u0117 - Imposter<\/p>","protected":false},"featured_media":10493,"template":"","meta":{"_acf_changed":false},"product_brand":[],"product_cat":[22,80,310],"product_tag":[],"class_list":{"0":"post-10492","1":"product","2":"type-product","3":"status-publish","4":"has-post-thumbnail","6":"product_cat-visos-ploksteles","7":"product_cat-lietuvos-atlikejai-must-have","8":"product_cat-women-in-music","9":"product_shipping_class-mazas-svoris","11":"first","12":"instock","13":"taxable","14":"shipping-taxable","15":"purchasable","16":"product-type-simple"},"bundled_by":[],"bundle_stock_status":"instock","bundle_stock_quantity":1,"bundle_virtual":false,"bundle_layout":"","bundle_add_to_cart_form_location":"","bundle_editable_in_cart":false,"bundle_sold_individually_context":"","bundle_item_grouping":"","bundle_min_size":"","bundle_max_size":"","bundle_price":[],"bundled_items":[],"bundle_sell_ids":[],"acf":[],"_links":{"self":[{"href":"https:\/\/phono.shop\/en\/wp-json\/wp\/v2\/product\/10492","targetHints":{"allow":["GET"]}}],"collection":[{"href":"https:\/\/phono.shop\/en\/wp-json\/wp\/v2\/product"}],"about":[{"href":"https:\/\/phono.shop\/en\/wp-json\/wp\/v2\/types\/product"}],"wp:featuredmedia":[{"embeddable":true,"href":"https:\/\/phono.shop\/en\/wp-json\/wp\/v2\/media\/10493"}],"wp:attachment":[{"href":"https:\/\/phono.shop\/en\/wp-json\/wp\/v2\/media?parent=10492"}],"wp:term":[{"taxonomy":"product_brand","embeddable":true,"href":"https:\/\/phono.shop\/en\/wp-json\/wp\/v2\/product_brand?post=10492"},{"taxonomy":"product_cat","embeddable":true,"href":"https:\/\/phono.shop\/en\/wp-json\/wp\/v2\/product_cat?post=10492"},{"taxonomy":"product_tag","embeddable":true,"href":"https:\/\/phono.shop\/en\/wp-json\/wp\/v2\/product_tag?post=10492"}],"curies":[{"name":"wp","href":"https:\/\/api.w.org\/{rel}","templated":true}]}}