{"id":13521,"date":"2025-01-13T15:53:00","date_gmt":"2025-01-13T13:53:00","guid":{"rendered":"https:\/\/phono.shop\/?post_type=product&#038;p=13521"},"modified":"2026-03-14T11:06:02","modified_gmt":"2026-03-14T09:06:02","slug":"cassette-keeper-keith-5","status":"publish","type":"product","link":"https:\/\/phono.shop\/en\/product\/we-are-rewind-kaseciu-stovelis\/","title":{"rendered":"We Are Rewind | Kase\u010di\u0173 stovelis | Orange"},"content":{"rendered":"<p>We Are Rewind | Kase\u010di\u0173 laikymo stovelis<\/p>","protected":false},"excerpt":{"rendered":"<p>We Are Rewind | Kase\u010di\u0173 laikymo stovelis<\/p>","protected":false},"featured_media":13522,"template":"","meta":{"_acf_changed":false},"product_brand":[],"product_cat":[207,257,151,341,353,108],"product_tag":[190,248],"class_list":{"0":"post-13521","1":"product","2":"type-product","3":"status-publish","4":"has-post-thumbnail","6":"product_cat-audio","7":"product_cat-dovanu-gidas","8":"product_cat-grotuvai","9":"product_cat-kaseciu-grotuvai","10":"product_cat-kolekcijoms","11":"product_cat-namams","12":"product_tag-gift","13":"product_tag-we-are-rewind","14":"product_shipping_class-mazas-svoris","16":"first","17":"outofstock","18":"taxable","19":"shipping-taxable","20":"purchasable","21":"product-type-simple"},"bundled_by":[],"bundle_stock_status":"outofstock","bundle_stock_quantity":0,"bundle_virtual":false,"bundle_layout":"","bundle_add_to_cart_form_location":"","bundle_editable_in_cart":false,"bundle_sold_individually_context":"","bundle_item_grouping":"","bundle_min_size":"","bundle_max_size":"","bundle_price":[],"bundled_items":[],"bundle_sell_ids":[],"acf":[],"_links":{"self":[{"href":"https:\/\/phono.shop\/en\/wp-json\/wp\/v2\/product\/13521","targetHints":{"allow":["GET"]}}],"collection":[{"href":"https:\/\/phono.shop\/en\/wp-json\/wp\/v2\/product"}],"about":[{"href":"https:\/\/phono.shop\/en\/wp-json\/wp\/v2\/types\/product"}],"wp:featuredmedia":[{"embeddable":true,"href":"https:\/\/phono.shop\/en\/wp-json\/wp\/v2\/media\/13522"}],"wp:attachment":[{"href":"https:\/\/phono.shop\/en\/wp-json\/wp\/v2\/media?parent=13521"}],"wp:term":[{"taxonomy":"product_brand","embeddable":true,"href":"https:\/\/phono.shop\/en\/wp-json\/wp\/v2\/product_brand?post=13521"},{"taxonomy":"product_cat","embeddable":true,"href":"https:\/\/phono.shop\/en\/wp-json\/wp\/v2\/product_cat?post=13521"},{"taxonomy":"product_tag","embeddable":true,"href":"https:\/\/phono.shop\/en\/wp-json\/wp\/v2\/product_tag?post=13521"}],"curies":[{"name":"wp","href":"https:\/\/api.w.org\/{rel}","templated":true}]}}