{"id":13525,"date":"2024-09-19T15:57:16","date_gmt":"2024-09-19T13:57:16","guid":{"rendered":"https:\/\/phono.shop\/?post_type=product&#038;p=13525"},"modified":"2025-12-08T18:12:06","modified_gmt":"2025-12-08T16:12:06","slug":"cassette-keeper-keith-4","status":"publish","type":"product","link":"https:\/\/phono.shop\/en\/product\/we-are-rewind-kaseciu-grotuvo-laikiklis-prie-dirzo\/","title":{"rendered":"We Are Rewind | Kase\u010di\u0173 grotuvo laikiklis prie dir\u017eo"},"content":{"rendered":"<p>We Are Rewind | Kase\u010di\u0173 grotuvo laiklis prie dir\u017eo<\/p>","protected":false},"excerpt":{"rendered":"<p>We Are Rewind | Kase\u010di\u0173 grotuvo laiklis prie dir\u017eo<\/p>","protected":false},"featured_media":13528,"template":"","meta":{"_acf_changed":false},"product_brand":[319],"product_cat":[207,151,341],"product_tag":[248],"class_list":{"0":"post-13525","1":"product","2":"type-product","3":"status-publish","4":"has-post-thumbnail","6":"product_brand-we-are-rewind","7":"product_cat-audio","8":"product_cat-grotuvai","9":"product_cat-kaseciu-grotuvai","10":"product_tag-we-are-rewind","11":"product_shipping_class-didelis-svoris","13":"first","14":"instock","15":"taxable","16":"shipping-taxable","17":"purchasable","18":"product-type-simple"},"bundled_by":[],"bundle_stock_status":"instock","bundle_stock_quantity":3,"bundle_virtual":false,"bundle_layout":"","bundle_add_to_cart_form_location":"","bundle_editable_in_cart":false,"bundle_sold_individually_context":"","bundle_item_grouping":"","bundle_min_size":"","bundle_max_size":"","bundle_price":[],"bundled_items":[],"bundle_sell_ids":[],"acf":[],"_links":{"self":[{"href":"https:\/\/phono.shop\/en\/wp-json\/wp\/v2\/product\/13525","targetHints":{"allow":["GET"]}}],"collection":[{"href":"https:\/\/phono.shop\/en\/wp-json\/wp\/v2\/product"}],"about":[{"href":"https:\/\/phono.shop\/en\/wp-json\/wp\/v2\/types\/product"}],"wp:featuredmedia":[{"embeddable":true,"href":"https:\/\/phono.shop\/en\/wp-json\/wp\/v2\/media\/13528"}],"wp:attachment":[{"href":"https:\/\/phono.shop\/en\/wp-json\/wp\/v2\/media?parent=13525"}],"wp:term":[{"taxonomy":"product_brand","embeddable":true,"href":"https:\/\/phono.shop\/en\/wp-json\/wp\/v2\/product_brand?post=13525"},{"taxonomy":"product_cat","embeddable":true,"href":"https:\/\/phono.shop\/en\/wp-json\/wp\/v2\/product_cat?post=13525"},{"taxonomy":"product_tag","embeddable":true,"href":"https:\/\/phono.shop\/en\/wp-json\/wp\/v2\/product_tag?post=13525"}],"curies":[{"name":"wp","href":"https:\/\/api.w.org\/{rel}","templated":true}]}}