{"id":14188,"date":"2025-08-04T12:17:15","date_gmt":"2025-08-04T10:17:15","guid":{"rendered":"https:\/\/phono.shop\/?post_type=product&#038;p=14188"},"modified":"2025-12-20T12:35:56","modified_gmt":"2025-12-20T10:35:56","slug":"jungle-for-ever-23","status":"publish","type":"product","link":"https:\/\/phono.shop\/en\/product\/jungle-for-ever-23\/","title":{"rendered":"Justinas Marcinkevi\u010dius - The Wedding of the Spider"},"content":{"rendered":"<p>Justinas Marcinkevi\u010dius' poem \"The Spider's Wedding\" is the story of a beetle king spider's quest to catch and marry the Sun in his web. This enlightening and engaging story comes to life thanks to the efforts of the Klaip\u0117da Youth Theatre acting troupe and their teacher, actor and director Valentinas Masalskis. The music for their performance \"Voro vestuv\u0117s\" was composed by Nijol\u0117 Sinkevi\u010di\u016bt\u0117.<\/p>","protected":false},"excerpt":{"rendered":"<p>Justinas Marcinkevi\u010dius' poem \"The Spider's Wedding\" is the story of a beetle king spider's quest to catch and marry the Sun in his web. This enlightening and engaging story comes to life thanks to the efforts of the Klaip\u0117da Youth Theatre acting troupe and their teacher, actor and director Valentinas Masalskis. The music for their performance \"Voro vestuv\u0117s\" was composed by Nijol\u0117 Sinkevi\u010di\u016bt\u0117.<\/p>","protected":false},"featured_media":14189,"template":"","meta":{"_acf_changed":false},"product_brand":[],"product_cat":[22,102,80],"product_tag":[190],"class_list":{"0":"post-14188","1":"product","2":"type-product","3":"status-publish","4":"has-post-thumbnail","6":"product_cat-visos-ploksteles","7":"product_cat-alternative-ploksteles","8":"product_cat-lietuvos-atlikejai-must-have","9":"product_tag-gift","10":"product_shipping_class-mazas-svoris","12":"first","13":"outofstock","14":"taxable","15":"shipping-taxable","16":"purchasable","17":"product-type-simple"},"bundled_by":[],"bundle_stock_status":"outofstock","bundle_stock_quantity":0,"bundle_virtual":false,"bundle_layout":"","bundle_add_to_cart_form_location":"","bundle_editable_in_cart":false,"bundle_sold_individually_context":"","bundle_item_grouping":"","bundle_min_size":"","bundle_max_size":"","bundle_price":[],"bundled_items":[],"bundle_sell_ids":[],"acf":[],"_links":{"self":[{"href":"https:\/\/phono.shop\/en\/wp-json\/wp\/v2\/product\/14188","targetHints":{"allow":["GET"]}}],"collection":[{"href":"https:\/\/phono.shop\/en\/wp-json\/wp\/v2\/product"}],"about":[{"href":"https:\/\/phono.shop\/en\/wp-json\/wp\/v2\/types\/product"}],"wp:featuredmedia":[{"embeddable":true,"href":"https:\/\/phono.shop\/en\/wp-json\/wp\/v2\/media\/14189"}],"wp:attachment":[{"href":"https:\/\/phono.shop\/en\/wp-json\/wp\/v2\/media?parent=14188"}],"wp:term":[{"taxonomy":"product_brand","embeddable":true,"href":"https:\/\/phono.shop\/en\/wp-json\/wp\/v2\/product_brand?post=14188"},{"taxonomy":"product_cat","embeddable":true,"href":"https:\/\/phono.shop\/en\/wp-json\/wp\/v2\/product_cat?post=14188"},{"taxonomy":"product_tag","embeddable":true,"href":"https:\/\/phono.shop\/en\/wp-json\/wp\/v2\/product_tag?post=14188"}],"curies":[{"name":"wp","href":"https:\/\/api.w.org\/{rel}","templated":true}]}}