{"id":14190,"date":"2025-08-04T12:20:08","date_gmt":"2025-08-04T10:20:08","guid":{"rendered":"https:\/\/phono.shop\/?post_type=product&#038;p=14190"},"modified":"2026-03-12T16:31:26","modified_gmt":"2026-03-12T14:31:26","slug":"jungle-for-ever-22","status":"publish","type":"product","link":"https:\/\/phono.shop\/en\/product\/jungle-for-ever-22\/","title":{"rendered":"Justinas Marcinkevi\u010dius - Mushroom War"},"content":{"rendered":"<p>Justinas Marcinkevi\u010dius' poem \"The Mushroom War\" is a classic of Lithuanian literature that has raised several generations. In this album, actor Valentinas Masalskis reads the famous poem together with his students, the actors of Klaip\u0117da Youth Theatre. The music for their performance \"Gryb\u0173 karas\" was composed by Nijol\u0117 Sinkevi\u010di\u016bt\u0117.<\/p>","protected":false},"excerpt":{"rendered":"<p>Justinas Marcinkevi\u010dius' poem \"The Mushroom War\" is a classic of Lithuanian literature that has raised several generations. In this album, actor Valentinas Masalskis reads the famous poem together with his students, the actors of Klaip\u0117da Youth Theatre. The music for their performance \"Gryb\u0173 karas\" was composed by Nijol\u0117 Sinkevi\u010di\u016bt\u0117.<\/p>","protected":false},"featured_media":14191,"template":"","meta":{"_acf_changed":false},"product_brand":[],"product_cat":[22,102,80],"product_tag":[],"class_list":{"0":"post-14190","1":"product","2":"type-product","3":"status-publish","4":"has-post-thumbnail","6":"product_cat-visos-ploksteles","7":"product_cat-alternative-ploksteles","8":"product_cat-lietuvos-atlikejai-must-have","9":"product_shipping_class-mazas-svoris","11":"first","12":"outofstock","13":"taxable","14":"shipping-taxable","15":"purchasable","16":"product-type-simple"},"bundled_by":[],"bundle_stock_status":"outofstock","bundle_stock_quantity":0,"bundle_virtual":false,"bundle_layout":"","bundle_add_to_cart_form_location":"","bundle_editable_in_cart":false,"bundle_sold_individually_context":"","bundle_item_grouping":"","bundle_min_size":"","bundle_max_size":"","bundle_price":[],"bundled_items":[],"bundle_sell_ids":[],"acf":[],"_links":{"self":[{"href":"https:\/\/phono.shop\/en\/wp-json\/wp\/v2\/product\/14190","targetHints":{"allow":["GET"]}}],"collection":[{"href":"https:\/\/phono.shop\/en\/wp-json\/wp\/v2\/product"}],"about":[{"href":"https:\/\/phono.shop\/en\/wp-json\/wp\/v2\/types\/product"}],"wp:featuredmedia":[{"embeddable":true,"href":"https:\/\/phono.shop\/en\/wp-json\/wp\/v2\/media\/14191"}],"wp:attachment":[{"href":"https:\/\/phono.shop\/en\/wp-json\/wp\/v2\/media?parent=14190"}],"wp:term":[{"taxonomy":"product_brand","embeddable":true,"href":"https:\/\/phono.shop\/en\/wp-json\/wp\/v2\/product_brand?post=14190"},{"taxonomy":"product_cat","embeddable":true,"href":"https:\/\/phono.shop\/en\/wp-json\/wp\/v2\/product_cat?post=14190"},{"taxonomy":"product_tag","embeddable":true,"href":"https:\/\/phono.shop\/en\/wp-json\/wp\/v2\/product_tag?post=14190"}],"curies":[{"name":"wp","href":"https:\/\/api.w.org\/{rel}","templated":true}]}}