{"id":22231,"date":"2025-09-19T12:49:12","date_gmt":"2025-09-19T10:49:12","guid":{"rendered":"https:\/\/phono.shop\/?post_type=product&#038;p=22231"},"modified":"2025-11-27T21:25:47","modified_gmt":"2025-11-27T19:25:47","slug":"ploksteles-remelis-12","status":"publish","type":"product","link":"https:\/\/phono.shop\/en\/product\/ploksteles-remelis-12\/","title":{"rendered":"Plok\u0161tel\u0117s r\u0117melis | 12&#8243;"},"content":{"rendered":"<p>Plok\u0161tel\u0117s r\u0117melis | 12&#8243;<\/p>","protected":false},"excerpt":{"rendered":"<p>Plok\u0161tel\u0117s r\u0117melis | 12&#8243;<\/p>","protected":false},"featured_media":22232,"template":"","meta":{"_acf_changed":false},"product_brand":[],"product_cat":[70,108,136,185],"product_tag":[],"class_list":{"0":"post-22231","1":"product","2":"type-product","3":"status-publish","4":"has-post-thumbnail","6":"product_cat-prieziuros-priemones","7":"product_cat-namams","8":"product_cat-ploksteliu-laikikliai","9":"product_cat-vinilu-laikymas","10":"product_shipping_class-mazas-svoris","12":"first","13":"outofstock","14":"taxable","15":"shipping-taxable","16":"purchasable","17":"product-type-simple"},"bundled_by":[],"bundle_stock_status":"outofstock","bundle_stock_quantity":0,"bundle_virtual":false,"bundle_layout":"","bundle_add_to_cart_form_location":"","bundle_editable_in_cart":false,"bundle_sold_individually_context":"","bundle_item_grouping":"","bundle_min_size":"","bundle_max_size":"","bundle_price":[],"bundled_items":[],"bundle_sell_ids":[],"acf":[],"_links":{"self":[{"href":"https:\/\/phono.shop\/en\/wp-json\/wp\/v2\/product\/22231","targetHints":{"allow":["GET"]}}],"collection":[{"href":"https:\/\/phono.shop\/en\/wp-json\/wp\/v2\/product"}],"about":[{"href":"https:\/\/phono.shop\/en\/wp-json\/wp\/v2\/types\/product"}],"wp:featuredmedia":[{"embeddable":true,"href":"https:\/\/phono.shop\/en\/wp-json\/wp\/v2\/media\/22232"}],"wp:attachment":[{"href":"https:\/\/phono.shop\/en\/wp-json\/wp\/v2\/media?parent=22231"}],"wp:term":[{"taxonomy":"product_brand","embeddable":true,"href":"https:\/\/phono.shop\/en\/wp-json\/wp\/v2\/product_brand?post=22231"},{"taxonomy":"product_cat","embeddable":true,"href":"https:\/\/phono.shop\/en\/wp-json\/wp\/v2\/product_cat?post=22231"},{"taxonomy":"product_tag","embeddable":true,"href":"https:\/\/phono.shop\/en\/wp-json\/wp\/v2\/product_tag?post=22231"}],"curies":[{"name":"wp","href":"https:\/\/api.w.org\/{rel}","templated":true}]}}