{"id":22236,"date":"2025-09-19T12:56:07","date_gmt":"2025-09-19T10:56:07","guid":{"rendered":"https:\/\/phono.shop\/?post_type=product&#038;p=22236"},"modified":"2026-03-25T09:39:22","modified_gmt":"2026-03-25T07:39:22","slug":"ploksteles-remelis-su-aliuminiu-remu-12","status":"publish","type":"product","link":"https:\/\/phono.shop\/en\/product\/ploksteles-remelis-su-aliuminiu-remu-12\/","title":{"rendered":"Plok\u0161tel\u0117s r\u0117melis su aliuminiu r\u0117mu | 12&#8243;"},"content":{"rendered":"<p>Plok\u0161tel\u0117s r\u0117melis su aliuminiu r\u0117mu | 12&#8243;<\/p>","protected":false},"excerpt":{"rendered":"<p>Plok\u0161tel\u0117s r\u0117melis su aliuminiu r\u0117mu | 12&#8243;<\/p>","protected":false},"featured_media":22287,"template":"","meta":{"_acf_changed":false},"product_brand":[],"product_cat":[70,108,136,185],"product_tag":[],"class_list":{"0":"post-22236","1":"product","2":"type-product","3":"status-publish","4":"has-post-thumbnail","6":"product_cat-prieziuros-priemones","7":"product_cat-namams","8":"product_cat-ploksteliu-laikikliai","9":"product_cat-vinilu-laikymas","10":"product_shipping_class-mazas-svoris","12":"first","13":"instock","14":"taxable","15":"shipping-taxable","16":"purchasable","17":"product-type-simple"},"bundled_by":[],"bundle_stock_status":"instock","bundle_stock_quantity":4,"bundle_virtual":false,"bundle_layout":"","bundle_add_to_cart_form_location":"","bundle_editable_in_cart":false,"bundle_sold_individually_context":"","bundle_item_grouping":"","bundle_min_size":"","bundle_max_size":"","bundle_price":[],"bundled_items":[],"bundle_sell_ids":[],"acf":[],"_links":{"self":[{"href":"https:\/\/phono.shop\/en\/wp-json\/wp\/v2\/product\/22236","targetHints":{"allow":["GET"]}}],"collection":[{"href":"https:\/\/phono.shop\/en\/wp-json\/wp\/v2\/product"}],"about":[{"href":"https:\/\/phono.shop\/en\/wp-json\/wp\/v2\/types\/product"}],"wp:featuredmedia":[{"embeddable":true,"href":"https:\/\/phono.shop\/en\/wp-json\/wp\/v2\/media\/22287"}],"wp:attachment":[{"href":"https:\/\/phono.shop\/en\/wp-json\/wp\/v2\/media?parent=22236"}],"wp:term":[{"taxonomy":"product_brand","embeddable":true,"href":"https:\/\/phono.shop\/en\/wp-json\/wp\/v2\/product_brand?post=22236"},{"taxonomy":"product_cat","embeddable":true,"href":"https:\/\/phono.shop\/en\/wp-json\/wp\/v2\/product_cat?post=22236"},{"taxonomy":"product_tag","embeddable":true,"href":"https:\/\/phono.shop\/en\/wp-json\/wp\/v2\/product_tag?post=22236"}],"curies":[{"name":"wp","href":"https:\/\/api.w.org\/{rel}","templated":true}]}}