{"id":22648,"date":"2025-09-30T13:22:50","date_gmt":"2025-09-30T11:22:50","guid":{"rendered":"https:\/\/phono.shop\/?post_type=product&#038;p=22648"},"modified":"2026-04-02T22:32:52","modified_gmt":"2026-04-02T20:32:52","slug":"onkyo-gx-30arc-wireless-white-blanc","status":"publish","type":"product","link":"https:\/\/phono.shop\/en\/product\/onkyo-gx-30arc-wireless-white-blanc\/","title":{"rendered":"Onkyo GX-30ARC | WIRELESS | WHITE BLANC"},"content":{"rendered":"<p>Onkyo GX-30ARC | WIRELESS &#8211; tai auk\u0161tos kokyb\u0117s aktyvios kolon\u0117l\u0117s, sukurtos kasdieniam naudojimui namuose. D\u0117l HDMI ARC jungties jas lengvai prijungsite prie televizoriaus, o integruotas AUX \u012f\u0117jimas leid\u017eia patogiai naudoti su kompiuteriu, patefonu (per i\u0161orin\u012f phono stiprintuv\u0105) ar kitais garso \u0161altiniais. Kompakti\u0161kas dizainas ir \u0161varus, subalansuotas garsas puikiai tinka tiek muzikos klausymui, tiek film\u0173 \u017ei\u016br\u0117jimui.<\/p>","protected":false},"excerpt":{"rendered":"<p>Onkyo GX-30ARC | WIRELESS &#8211; tai auk\u0161tos kokyb\u0117s aktyvios kolon\u0117l\u0117s, sukurtos kasdieniam naudojimui namuose. D\u0117l HDMI ARC jungties jas lengvai prijungsite prie televizoriaus, o integruotas AUX \u012f\u0117jimas leid\u017eia patogiai naudoti su kompiuteriu, patefonu (per i\u0161orin\u012f phono stiprintuv\u0105) ar kitais garso \u0161altiniais. Kompakti\u0161kas dizainas ir \u0161varus, subalansuotas garsas puikiai tinka tiek muzikos klausymui, tiek film\u0173 \u017ei\u016br\u0117jimui.<\/p>","protected":false},"featured_media":22639,"template":"","meta":{"_acf_changed":false},"product_brand":[],"product_cat":[207,169,352,320,336],"product_tag":[321],"class_list":{"0":"post-22648","1":"product","2":"type-product","3":"status-publish","4":"has-post-thumbnail","6":"product_cat-audio","7":"product_cat-koloneles","8":"product_cat-namu-ritmui","9":"product_cat-onkyo","10":"product_cat-stereo-komplektai","11":"product_tag-onkyo","12":"product_shipping_class-didelis-svoris","14":"first","15":"instock","16":"taxable","17":"shipping-taxable","18":"purchasable","19":"product-type-simple"},"bundled_by":[],"bundle_stock_status":"instock","bundle_stock_quantity":1,"bundle_virtual":false,"bundle_layout":"","bundle_add_to_cart_form_location":"","bundle_editable_in_cart":false,"bundle_sold_individually_context":"","bundle_item_grouping":"","bundle_min_size":"","bundle_max_size":"","bundle_price":[],"bundled_items":[],"bundle_sell_ids":[],"acf":[],"_links":{"self":[{"href":"https:\/\/phono.shop\/en\/wp-json\/wp\/v2\/product\/22648","targetHints":{"allow":["GET"]}}],"collection":[{"href":"https:\/\/phono.shop\/en\/wp-json\/wp\/v2\/product"}],"about":[{"href":"https:\/\/phono.shop\/en\/wp-json\/wp\/v2\/types\/product"}],"wp:featuredmedia":[{"embeddable":true,"href":"https:\/\/phono.shop\/en\/wp-json\/wp\/v2\/media\/22639"}],"wp:attachment":[{"href":"https:\/\/phono.shop\/en\/wp-json\/wp\/v2\/media?parent=22648"}],"wp:term":[{"taxonomy":"product_brand","embeddable":true,"href":"https:\/\/phono.shop\/en\/wp-json\/wp\/v2\/product_brand?post=22648"},{"taxonomy":"product_cat","embeddable":true,"href":"https:\/\/phono.shop\/en\/wp-json\/wp\/v2\/product_cat?post=22648"},{"taxonomy":"product_tag","embeddable":true,"href":"https:\/\/phono.shop\/en\/wp-json\/wp\/v2\/product_tag?post=22648"}],"curies":[{"name":"wp","href":"https:\/\/api.w.org\/{rel}","templated":true}]}}