{"id":22653,"date":"2025-09-30T13:29:11","date_gmt":"2025-09-30T11:29:11","guid":{"rendered":"https:\/\/phono.shop\/?post_type=product&#038;p=22653"},"modified":"2026-03-17T16:32:13","modified_gmt":"2026-03-17T14:32:13","slug":"onkyo-gx-10db-wireless-black-noir","status":"publish","type":"product","link":"https:\/\/phono.shop\/en\/product\/onkyo-gx-10db-wireless-black-noir\/","title":{"rendered":"ONKYO GX-10DB | WIRELESS | BLACK NOIR"},"content":{"rendered":"<p>ONKYO GX-10DB | WIRELESS &#8211;\u00a0tai aktyvi\u0173 stereo garsiakalbi\u0173 pora, sukurta perteikti sodr\u0173, auk\u0161tos kokyb\u0117s gars\u0105 j\u016bs\u0173 darbo vietoje, \u017eaidim\u0173 aplinkoje ar kompakti\u0161koje nam\u0173 pramog\u0173 sistemoje. Nepaisant ma\u017eo dyd\u017eio, \u0161ie garsiakalbiai pasi\u017eymi ypa\u010d tiksliu garsu, kokybi\u0161ka konstrukcija ir \u0161iuolaikin\u0117mis jungtimis \u2013 \u012fskaitant integruot\u0105 USB DAC, analogines \u012fvestis ir tono reguliatorius, leid\u017eian\u010dius pritaikyti gars\u0105 pagal j\u016bs\u0173 poreikius.<\/p>","protected":false},"excerpt":{"rendered":"<p>ONKYO GX-10DB | WIRELESS &#8211;\u00a0tai aktyvi\u0173 stereo garsiakalbi\u0173 pora, sukurta perteikti sodr\u0173, auk\u0161tos kokyb\u0117s gars\u0105 j\u016bs\u0173 darbo vietoje, \u017eaidim\u0173 aplinkoje ar kompakti\u0161koje nam\u0173 pramog\u0173 sistemoje. Nepaisant ma\u017eo dyd\u017eio, \u0161ie garsiakalbiai pasi\u017eymi ypa\u010d tiksliu garsu, kokybi\u0161ka konstrukcija ir \u0161iuolaikin\u0117mis jungtimis \u2013 \u012fskaitant integruot\u0105 USB DAC, analogines \u012fvestis ir tono reguliatorius, leid\u017eian\u010dius pritaikyti gars\u0105 pagal j\u016bs\u0173 poreikius.<\/p>","protected":false},"featured_media":22658,"template":"","meta":{"_acf_changed":false},"product_brand":[],"product_cat":[207,169,320,336],"product_tag":[321],"class_list":{"0":"post-22653","1":"product","2":"type-product","3":"status-publish","4":"has-post-thumbnail","6":"product_cat-audio","7":"product_cat-koloneles","8":"product_cat-onkyo","9":"product_cat-stereo-komplektai","10":"product_tag-onkyo","11":"product_shipping_class-didelis-svoris","13":"first","14":"instock","15":"taxable","16":"shipping-taxable","17":"purchasable","18":"product-type-simple"},"bundled_by":[],"bundle_stock_status":"instock","bundle_stock_quantity":2,"bundle_virtual":false,"bundle_layout":"","bundle_add_to_cart_form_location":"","bundle_editable_in_cart":false,"bundle_sold_individually_context":"","bundle_item_grouping":"","bundle_min_size":"","bundle_max_size":"","bundle_price":[],"bundled_items":[],"bundle_sell_ids":[],"acf":[],"_links":{"self":[{"href":"https:\/\/phono.shop\/en\/wp-json\/wp\/v2\/product\/22653","targetHints":{"allow":["GET"]}}],"collection":[{"href":"https:\/\/phono.shop\/en\/wp-json\/wp\/v2\/product"}],"about":[{"href":"https:\/\/phono.shop\/en\/wp-json\/wp\/v2\/types\/product"}],"wp:featuredmedia":[{"embeddable":true,"href":"https:\/\/phono.shop\/en\/wp-json\/wp\/v2\/media\/22658"}],"wp:attachment":[{"href":"https:\/\/phono.shop\/en\/wp-json\/wp\/v2\/media?parent=22653"}],"wp:term":[{"taxonomy":"product_brand","embeddable":true,"href":"https:\/\/phono.shop\/en\/wp-json\/wp\/v2\/product_brand?post=22653"},{"taxonomy":"product_cat","embeddable":true,"href":"https:\/\/phono.shop\/en\/wp-json\/wp\/v2\/product_cat?post=22653"},{"taxonomy":"product_tag","embeddable":true,"href":"https:\/\/phono.shop\/en\/wp-json\/wp\/v2\/product_tag?post=22653"}],"curies":[{"name":"wp","href":"https:\/\/api.w.org\/{rel}","templated":true}]}}