{"id":22725,"date":"2025-10-03T12:03:14","date_gmt":"2025-10-03T10:03:14","guid":{"rendered":"https:\/\/phono.shop\/?post_type=product&#038;p=22725"},"modified":"2025-11-10T15:40:46","modified_gmt":"2025-11-10T13:40:46","slug":"justinas-jarutis-taves-manes-saves","status":"publish","type":"product","link":"https:\/\/phono.shop\/en\/product\/justinas-jarutis-taves-manes-saves\/","title":{"rendered":"Justinas Jarutis &#8211; Tav\u0119s Man\u0119s Sav\u0119s"},"content":{"rendered":"<p>Justinas Jarutis &#8211; Tav\u0119s Man\u0119s Sav\u0119s<\/p>","protected":false},"excerpt":{"rendered":"<p>Justinas Jarutis &#8211; Tav\u0119s Man\u0119s Sav\u0119s<\/p>","protected":false},"featured_media":22728,"template":"","meta":{"_acf_changed":false},"product_brand":[],"product_cat":[80,256,273,275,22],"product_tag":[190],"class_list":{"0":"post-22725","1":"product","2":"type-product","3":"status-publish","4":"has-post-thumbnail","6":"product_cat-lietuvos-atlikejai-must-have","7":"product_cat-naujienos","8":"product_cat-naujienos-ploksteles","9":"product_cat-pagaminta-lietuvoje","10":"product_cat-visos-ploksteles","11":"product_tag-gift","12":"product_shipping_class-mazas-svoris","14":"first","15":"instock","16":"taxable","17":"shipping-taxable","18":"purchasable","19":"product-type-simple"},"bundled_by":[],"bundle_stock_status":"instock","bundle_stock_quantity":3,"bundle_virtual":false,"bundle_layout":"","bundle_add_to_cart_form_location":"","bundle_editable_in_cart":false,"bundle_sold_individually_context":"","bundle_item_grouping":"","bundle_min_size":"","bundle_max_size":"","bundle_price":[],"bundled_items":[],"bundle_sell_ids":[],"acf":[],"_links":{"self":[{"href":"https:\/\/phono.shop\/en\/wp-json\/wp\/v2\/product\/22725","targetHints":{"allow":["GET"]}}],"collection":[{"href":"https:\/\/phono.shop\/en\/wp-json\/wp\/v2\/product"}],"about":[{"href":"https:\/\/phono.shop\/en\/wp-json\/wp\/v2\/types\/product"}],"wp:featuredmedia":[{"embeddable":true,"href":"https:\/\/phono.shop\/en\/wp-json\/wp\/v2\/media\/22728"}],"wp:attachment":[{"href":"https:\/\/phono.shop\/en\/wp-json\/wp\/v2\/media?parent=22725"}],"wp:term":[{"taxonomy":"product_brand","embeddable":true,"href":"https:\/\/phono.shop\/en\/wp-json\/wp\/v2\/product_brand?post=22725"},{"taxonomy":"product_cat","embeddable":true,"href":"https:\/\/phono.shop\/en\/wp-json\/wp\/v2\/product_cat?post=22725"},{"taxonomy":"product_tag","embeddable":true,"href":"https:\/\/phono.shop\/en\/wp-json\/wp\/v2\/product_tag?post=22725"}],"curies":[{"name":"wp","href":"https:\/\/api.w.org\/{rel}","templated":true}]}}