{"id":22828,"date":"2025-10-07T15:15:09","date_gmt":"2025-10-07T13:15:09","guid":{"rendered":"https:\/\/phono.shop\/?post_type=product&#038;p=22828"},"modified":"2025-11-27T14:18:04","modified_gmt":"2025-11-27T12:18:04","slug":"klipsch-r-100sw-subwoofer","status":"publish","type":"product","link":"https:\/\/phono.shop\/en\/product\/klipsch-r-100sw-subwoofer\/","title":{"rendered":"KLIPSCH R-101SW | SUBWOOFER"},"content":{"rendered":"<p>KLIPSCH R-101SW | SUBWOOFER | \u017dem\u0173j\u0173 da\u017eni\u0173 garsiakalbis u\u017etikrina itin gil\u0173 bos\u0105 per 10 coli\u0173 priekinio sklaidos garsiakalb\u012f su variniu IMG k\u016bgiu ir skaitmeniniu stiprintuvu.<\/p>","protected":false},"excerpt":{"rendered":"<p>KLIPSCH R-101SW | SUBWOOFER | \u017dem\u0173j\u0173 da\u017eni\u0173 garsiakalbis u\u017etikrina itin gil\u0173 bos\u0105 per 10 coli\u0173 priekinio sklaidos garsiakalb\u012f su variniu IMG k\u016bgiu ir skaitmeniniu stiprintuvu.<\/p>","protected":false},"featured_media":22832,"template":"","meta":{"_acf_changed":false},"product_brand":[],"product_cat":[207,308,169,350,325],"product_tag":[168],"class_list":{"0":"post-22828","1":"product","2":"type-product","3":"status-publish","4":"has-post-thumbnail","6":"product_cat-audio","7":"product_cat-klipsch","8":"product_cat-koloneles","9":"product_cat-melomanui","10":"product_cat-zemu-dazniu-koloneles","11":"product_tag-klipsch","12":"product_shipping_class-didelis-svoris","14":"first","15":"instock","16":"taxable","17":"shipping-taxable","18":"purchasable","19":"product-type-simple"},"bundled_by":[],"bundle_stock_status":"instock","bundle_stock_quantity":1,"bundle_virtual":false,"bundle_layout":"","bundle_add_to_cart_form_location":"","bundle_editable_in_cart":false,"bundle_sold_individually_context":"","bundle_item_grouping":"","bundle_min_size":"","bundle_max_size":"","bundle_price":[],"bundled_items":[],"bundle_sell_ids":[],"acf":[],"_links":{"self":[{"href":"https:\/\/phono.shop\/en\/wp-json\/wp\/v2\/product\/22828","targetHints":{"allow":["GET"]}}],"collection":[{"href":"https:\/\/phono.shop\/en\/wp-json\/wp\/v2\/product"}],"about":[{"href":"https:\/\/phono.shop\/en\/wp-json\/wp\/v2\/types\/product"}],"wp:featuredmedia":[{"embeddable":true,"href":"https:\/\/phono.shop\/en\/wp-json\/wp\/v2\/media\/22832"}],"wp:attachment":[{"href":"https:\/\/phono.shop\/en\/wp-json\/wp\/v2\/media?parent=22828"}],"wp:term":[{"taxonomy":"product_brand","embeddable":true,"href":"https:\/\/phono.shop\/en\/wp-json\/wp\/v2\/product_brand?post=22828"},{"taxonomy":"product_cat","embeddable":true,"href":"https:\/\/phono.shop\/en\/wp-json\/wp\/v2\/product_cat?post=22828"},{"taxonomy":"product_tag","embeddable":true,"href":"https:\/\/phono.shop\/en\/wp-json\/wp\/v2\/product_tag?post=22828"}],"curies":[{"name":"wp","href":"https:\/\/api.w.org\/{rel}","templated":true}]}}