{"id":22873,"date":"2025-10-07T15:06:08","date_gmt":"2025-10-07T13:06:08","guid":{"rendered":"https:\/\/phono.shop\/?post_type=product&#038;p=22873"},"modified":"2025-12-16T23:54:23","modified_gmt":"2025-12-16T21:54:23","slug":"morel-biggie-aqua-frost","status":"publish","type":"product","link":"https:\/\/phono.shop\/en\/product\/morel-biggie-aqua-frost\/","title":{"rendered":"MOREL BIGGIE | AQUA FROST"},"content":{"rendered":"<p>MOREL BIGGIE | AQUA FROST | Ma\u017eas dydis, didelis garsas! Stiliaus ir garso galia su minimalistiniu dizainu ir pa\u017eangiausia BT BLE bevielio ry\u0161io technologija.<\/p>","protected":false},"excerpt":{"rendered":"<p>MOREL BIGGIE | AQUA FROST | Ma\u017eas dydis, didelis garsas! Stiliaus ir garso galia su minimalistiniu dizainu ir pa\u017eangiausia BT BLE bevielio ry\u0161io technologija.<\/p>","protected":false},"featured_media":22856,"template":"","meta":{"_acf_changed":false},"product_brand":[],"product_cat":[207,169,326,335],"product_tag":[327],"class_list":{"0":"post-22873","1":"product","2":"type-product","3":"status-publish","4":"has-post-thumbnail","6":"product_cat-audio","7":"product_cat-koloneles","8":"product_cat-morel","9":"product_cat-nesiojamos-koloneles","10":"product_tag-morel","11":"product_shipping_class-didelis-svoris","13":"first","14":"instock","15":"taxable","16":"shipping-taxable","17":"purchasable","18":"product-type-simple"},"bundled_by":[],"bundle_stock_status":"instock","bundle_stock_quantity":1,"bundle_virtual":false,"bundle_layout":"","bundle_add_to_cart_form_location":"","bundle_editable_in_cart":false,"bundle_sold_individually_context":"","bundle_item_grouping":"","bundle_min_size":"","bundle_max_size":"","bundle_price":[],"bundled_items":[],"bundle_sell_ids":[],"acf":[],"_links":{"self":[{"href":"https:\/\/phono.shop\/en\/wp-json\/wp\/v2\/product\/22873","targetHints":{"allow":["GET"]}}],"collection":[{"href":"https:\/\/phono.shop\/en\/wp-json\/wp\/v2\/product"}],"about":[{"href":"https:\/\/phono.shop\/en\/wp-json\/wp\/v2\/types\/product"}],"wp:featuredmedia":[{"embeddable":true,"href":"https:\/\/phono.shop\/en\/wp-json\/wp\/v2\/media\/22856"}],"wp:attachment":[{"href":"https:\/\/phono.shop\/en\/wp-json\/wp\/v2\/media?parent=22873"}],"wp:term":[{"taxonomy":"product_brand","embeddable":true,"href":"https:\/\/phono.shop\/en\/wp-json\/wp\/v2\/product_brand?post=22873"},{"taxonomy":"product_cat","embeddable":true,"href":"https:\/\/phono.shop\/en\/wp-json\/wp\/v2\/product_cat?post=22873"},{"taxonomy":"product_tag","embeddable":true,"href":"https:\/\/phono.shop\/en\/wp-json\/wp\/v2\/product_tag?post=22873"}],"curies":[{"name":"wp","href":"https:\/\/api.w.org\/{rel}","templated":true}]}}