{"id":22889,"date":"2026-02-27T14:09:25","date_gmt":"2026-02-27T12:09:25","guid":{"rendered":"https:\/\/phono.shop\/?post_type=product&#038;p=22889"},"modified":"2026-04-01T21:13:40","modified_gmt":"2026-04-01T19:13:40","slug":"kortu-zaidimas-wine-trivia","status":"publish","type":"product","link":"https:\/\/phono.shop\/en\/product\/kortu-zaidimas-wine-trivia\/","title":{"rendered":"Kort\u0173 \u017eaidimas | Wine Trivia"},"content":{"rendered":"<p>Kort\u0173 \u017eaidimas | Wine Trivia<\/p>","protected":false},"excerpt":{"rendered":"<p>Kort\u0173 \u017eaidimas | Wine Trivia<\/p>","protected":false},"featured_media":22890,"template":"","meta":{"_acf_changed":false},"product_brand":[],"product_cat":[204,108,371,246],"product_tag":[190],"class_list":{"0":"post-22889","1":"product","2":"type-product","3":"status-publish","4":"has-post-thumbnail","6":"product_cat-zaidimai","7":"product_cat-namams","8":"product_cat-stalo-kultura","9":"product_cat-stalo-zaidimai","10":"product_tag-gift","11":"product_shipping_class-mazas-svoris","13":"first","14":"outofstock","15":"taxable","16":"shipping-taxable","17":"purchasable","18":"product-type-simple"},"bundled_by":[],"bundle_stock_status":"outofstock","bundle_stock_quantity":0,"bundle_virtual":false,"bundle_layout":"","bundle_add_to_cart_form_location":"","bundle_editable_in_cart":false,"bundle_sold_individually_context":"","bundle_item_grouping":"","bundle_min_size":"","bundle_max_size":"","bundle_price":[],"bundled_items":[],"bundle_sell_ids":[],"acf":[],"_links":{"self":[{"href":"https:\/\/phono.shop\/en\/wp-json\/wp\/v2\/product\/22889","targetHints":{"allow":["GET"]}}],"collection":[{"href":"https:\/\/phono.shop\/en\/wp-json\/wp\/v2\/product"}],"about":[{"href":"https:\/\/phono.shop\/en\/wp-json\/wp\/v2\/types\/product"}],"wp:featuredmedia":[{"embeddable":true,"href":"https:\/\/phono.shop\/en\/wp-json\/wp\/v2\/media\/22890"}],"wp:attachment":[{"href":"https:\/\/phono.shop\/en\/wp-json\/wp\/v2\/media?parent=22889"}],"wp:term":[{"taxonomy":"product_brand","embeddable":true,"href":"https:\/\/phono.shop\/en\/wp-json\/wp\/v2\/product_brand?post=22889"},{"taxonomy":"product_cat","embeddable":true,"href":"https:\/\/phono.shop\/en\/wp-json\/wp\/v2\/product_cat?post=22889"},{"taxonomy":"product_tag","embeddable":true,"href":"https:\/\/phono.shop\/en\/wp-json\/wp\/v2\/product_tag?post=22889"}],"curies":[{"name":"wp","href":"https:\/\/api.w.org\/{rel}","templated":true}]}}