{"id":22892,"date":"2025-10-08T14:17:37","date_gmt":"2025-10-08T12:17:37","guid":{"rendered":"https:\/\/phono.shop\/?post_type=product&#038;p=22892"},"modified":"2026-03-12T15:12:54","modified_gmt":"2026-03-12T13:12:54","slug":"kortu-zaidimas-beer-trivia","status":"publish","type":"product","link":"https:\/\/phono.shop\/en\/product\/kortu-zaidimas-beer-trivia\/","title":{"rendered":"Kort\u0173 \u017eaidimas | Beer Trivia"},"content":{"rendered":"<p>Kort\u0173 \u017eaidimas | Beer Trivia<\/p>","protected":false},"excerpt":{"rendered":"<p>Kort\u0173 \u017eaidimas | Beer Trivia<\/p>","protected":false},"featured_media":22893,"template":"","meta":{"_acf_changed":false},"product_brand":[],"product_cat":[204,217,356,246],"product_tag":[190],"class_list":{"0":"post-22892","1":"product","2":"type-product","3":"status-publish","4":"has-post-thumbnail","6":"product_cat-zaidimai","7":"product_cat-dideli-mazi-objektai","8":"product_cat-mazi-objektai","9":"product_cat-stalo-zaidimai","10":"product_tag-gift","11":"product_shipping_class-mazas-svoris","13":"first","14":"outofstock","15":"taxable","16":"shipping-taxable","17":"purchasable","18":"product-type-simple"},"bundled_by":[],"bundle_stock_status":"outofstock","bundle_stock_quantity":0,"bundle_virtual":false,"bundle_layout":"","bundle_add_to_cart_form_location":"","bundle_editable_in_cart":false,"bundle_sold_individually_context":"","bundle_item_grouping":"","bundle_min_size":"","bundle_max_size":"","bundle_price":[],"bundled_items":[],"bundle_sell_ids":[],"acf":[],"_links":{"self":[{"href":"https:\/\/phono.shop\/en\/wp-json\/wp\/v2\/product\/22892","targetHints":{"allow":["GET"]}}],"collection":[{"href":"https:\/\/phono.shop\/en\/wp-json\/wp\/v2\/product"}],"about":[{"href":"https:\/\/phono.shop\/en\/wp-json\/wp\/v2\/types\/product"}],"wp:featuredmedia":[{"embeddable":true,"href":"https:\/\/phono.shop\/en\/wp-json\/wp\/v2\/media\/22893"}],"wp:attachment":[{"href":"https:\/\/phono.shop\/en\/wp-json\/wp\/v2\/media?parent=22892"}],"wp:term":[{"taxonomy":"product_brand","embeddable":true,"href":"https:\/\/phono.shop\/en\/wp-json\/wp\/v2\/product_brand?post=22892"},{"taxonomy":"product_cat","embeddable":true,"href":"https:\/\/phono.shop\/en\/wp-json\/wp\/v2\/product_cat?post=22892"},{"taxonomy":"product_tag","embeddable":true,"href":"https:\/\/phono.shop\/en\/wp-json\/wp\/v2\/product_tag?post=22892"}],"curies":[{"name":"wp","href":"https:\/\/api.w.org\/{rel}","templated":true}]}}