{"id":22908,"date":"2025-10-08T14:39:34","date_gmt":"2025-10-08T12:39:34","guid":{"rendered":"https:\/\/phono.shop\/?post_type=product&#038;p=22908"},"modified":"2026-03-26T12:56:46","modified_gmt":"2026-03-26T10:56:46","slug":"uzrasine-definitely-not-my-passwords-password-diary","status":"publish","type":"product","link":"https:\/\/phono.shop\/en\/product\/uzrasine-definitely-not-my-passwords-password-diary\/","title":{"rendered":"U\u017era\u0161in\u0117 | Definitely Not My Passwords &#8211; Password Diary"},"content":{"rendered":"<p>U\u017era\u0161in\u0117 | Definitely Not My Passwords &#8211; Password Diary<\/p>","protected":false},"excerpt":{"rendered":"<p>U\u017era\u0161in\u0117 | Definitely Not My Passwords &#8211; Password Diary<\/p>","protected":false},"featured_media":22909,"template":"","meta":{"_acf_changed":false},"product_brand":[],"product_cat":[217],"product_tag":[190],"class_list":{"0":"post-22908","1":"product","2":"type-product","3":"status-publish","4":"has-post-thumbnail","6":"product_cat-dideli-mazi-objektai","7":"product_tag-gift","8":"product_shipping_class-mazas-svoris","10":"first","11":"instock","12":"taxable","13":"shipping-taxable","14":"purchasable","15":"product-type-simple"},"bundled_by":[],"bundle_stock_status":"instock","bundle_stock_quantity":5,"bundle_virtual":false,"bundle_layout":"","bundle_add_to_cart_form_location":"","bundle_editable_in_cart":false,"bundle_sold_individually_context":"","bundle_item_grouping":"","bundle_min_size":"","bundle_max_size":"","bundle_price":[],"bundled_items":[],"bundle_sell_ids":[],"acf":[],"_links":{"self":[{"href":"https:\/\/phono.shop\/en\/wp-json\/wp\/v2\/product\/22908","targetHints":{"allow":["GET"]}}],"collection":[{"href":"https:\/\/phono.shop\/en\/wp-json\/wp\/v2\/product"}],"about":[{"href":"https:\/\/phono.shop\/en\/wp-json\/wp\/v2\/types\/product"}],"wp:featuredmedia":[{"embeddable":true,"href":"https:\/\/phono.shop\/en\/wp-json\/wp\/v2\/media\/22909"}],"wp:attachment":[{"href":"https:\/\/phono.shop\/en\/wp-json\/wp\/v2\/media?parent=22908"}],"wp:term":[{"taxonomy":"product_brand","embeddable":true,"href":"https:\/\/phono.shop\/en\/wp-json\/wp\/v2\/product_brand?post=22908"},{"taxonomy":"product_cat","embeddable":true,"href":"https:\/\/phono.shop\/en\/wp-json\/wp\/v2\/product_cat?post=22908"},{"taxonomy":"product_tag","embeddable":true,"href":"https:\/\/phono.shop\/en\/wp-json\/wp\/v2\/product_tag?post=22908"}],"curies":[{"name":"wp","href":"https:\/\/api.w.org\/{rel}","templated":true}]}}