{"id":22929,"date":"2025-10-08T15:44:54","date_gmt":"2025-10-08T13:44:54","guid":{"rendered":"https:\/\/phono.shop\/?post_type=product&#038;p=22929"},"modified":"2026-01-07T17:47:41","modified_gmt":"2026-01-07T15:47:41","slug":"icons-by-oscar","status":"publish","type":"product","link":"https:\/\/phono.shop\/en\/product\/icons-by-oscar\/","title":{"rendered":"Icons by Oscar"},"content":{"rendered":"<p>NEW MAGS &#8211; Icons by Oscar | Frankas. Sammie. Paulas. Andis. Twiggy. Sofija. El\u017ebieta. Elvis. Priscilla. D\u017eimas. Marlene. D\u017eonas. Yoko. Ginger. Janis. Mickas. Jackas. Fredas. Salvadoras. Cher. Audrey. Nedaug \u017emoni\u0173 yra tokie ikoni\u0161ki, kad u\u017etenka vieno vardo \u2013 ir visi \u017eino, apie k\u0105 kalbama. \u0160ios legendos buvo u\u017efiksuotos fotografo, \u017einomo Oscar Abolafia vardu.<\/p>","protected":false},"excerpt":{"rendered":"<p>NEW MAGS &#8211; Icons by Oscar | Frankas. Sammie. Paulas. Andis. Twiggy. Sofija. El\u017ebieta. Elvis. Priscilla. D\u017eimas. Marlene. D\u017eonas. Yoko. Ginger. Janis. Mickas. Jackas. Fredas. Salvadoras. Cher. Audrey. Nedaug \u017emoni\u0173 yra tokie ikoni\u0161ki, kad u\u017etenka vieno vardo \u2013 ir visi \u017eino, apie k\u0105 kalbama. \u0160ios legendos buvo u\u017efiksuotos fotografo, \u017einomo Oscar Abolafia vardu.<\/p>","protected":false},"featured_media":22931,"template":"","meta":{"_acf_changed":false},"product_brand":[],"product_cat":[134,349,303],"product_tag":[],"class_list":{"0":"post-22929","1":"product","2":"type-product","3":"status-publish","4":"has-post-thumbnail","6":"product_cat-knygos","7":"product_cat-estetui","8":"product_cat-kavos-staliuko-knygos","9":"product_shipping_class-mazas-svoris","11":"first","12":"instock","13":"taxable","14":"shipping-taxable","15":"purchasable","16":"product-type-simple"},"bundled_by":[],"bundle_stock_status":"instock","bundle_stock_quantity":1,"bundle_virtual":false,"bundle_layout":"","bundle_add_to_cart_form_location":"","bundle_editable_in_cart":false,"bundle_sold_individually_context":"","bundle_item_grouping":"","bundle_min_size":"","bundle_max_size":"","bundle_price":[],"bundled_items":[],"bundle_sell_ids":[],"acf":[],"_links":{"self":[{"href":"https:\/\/phono.shop\/en\/wp-json\/wp\/v2\/product\/22929","targetHints":{"allow":["GET"]}}],"collection":[{"href":"https:\/\/phono.shop\/en\/wp-json\/wp\/v2\/product"}],"about":[{"href":"https:\/\/phono.shop\/en\/wp-json\/wp\/v2\/types\/product"}],"wp:featuredmedia":[{"embeddable":true,"href":"https:\/\/phono.shop\/en\/wp-json\/wp\/v2\/media\/22931"}],"wp:attachment":[{"href":"https:\/\/phono.shop\/en\/wp-json\/wp\/v2\/media?parent=22929"}],"wp:term":[{"taxonomy":"product_brand","embeddable":true,"href":"https:\/\/phono.shop\/en\/wp-json\/wp\/v2\/product_brand?post=22929"},{"taxonomy":"product_cat","embeddable":true,"href":"https:\/\/phono.shop\/en\/wp-json\/wp\/v2\/product_cat?post=22929"},{"taxonomy":"product_tag","embeddable":true,"href":"https:\/\/phono.shop\/en\/wp-json\/wp\/v2\/product_tag?post=22929"}],"curies":[{"name":"wp","href":"https:\/\/api.w.org\/{rel}","templated":true}]}}