{"id":22932,"date":"2025-10-08T15:49:09","date_gmt":"2025-10-08T13:49:09","guid":{"rendered":"https:\/\/phono.shop\/?post_type=product&#038;p=22932"},"modified":"2026-03-26T12:56:46","modified_gmt":"2026-03-26T10:56:46","slug":"kortu-zaidimas-music-oracles","status":"publish","type":"product","link":"https:\/\/phono.shop\/en\/product\/kortu-zaidimas-music-oracles\/","title":{"rendered":"Kort\u0173 \u017eaidimas | Music Oracles"},"content":{"rendered":"<p>Kort\u0173 \u017eaidimas | Music Oracles<\/p>","protected":false},"excerpt":{"rendered":"<p>Kort\u0173 \u017eaidimas | Music Oracles<\/p>","protected":false},"featured_media":22933,"template":"","meta":{"_acf_changed":false},"product_brand":[],"product_cat":[204,351,217,356,246],"product_tag":[190],"class_list":{"0":"post-22932","1":"product","2":"type-product","3":"status-publish","4":"has-post-thumbnail","6":"product_cat-zaidimai","7":"product_cat-atradimams","8":"product_cat-dideli-mazi-objektai","9":"product_cat-mazi-objektai","10":"product_cat-stalo-zaidimai","11":"product_tag-gift","12":"product_shipping_class-mazas-svoris","14":"first","15":"instock","16":"taxable","17":"shipping-taxable","18":"purchasable","19":"product-type-simple"},"bundled_by":[],"bundle_stock_status":"instock","bundle_stock_quantity":3,"bundle_virtual":false,"bundle_layout":"","bundle_add_to_cart_form_location":"","bundle_editable_in_cart":false,"bundle_sold_individually_context":"","bundle_item_grouping":"","bundle_min_size":"","bundle_max_size":"","bundle_price":[],"bundled_items":[],"bundle_sell_ids":[],"acf":[],"_links":{"self":[{"href":"https:\/\/phono.shop\/en\/wp-json\/wp\/v2\/product\/22932","targetHints":{"allow":["GET"]}}],"collection":[{"href":"https:\/\/phono.shop\/en\/wp-json\/wp\/v2\/product"}],"about":[{"href":"https:\/\/phono.shop\/en\/wp-json\/wp\/v2\/types\/product"}],"wp:featuredmedia":[{"embeddable":true,"href":"https:\/\/phono.shop\/en\/wp-json\/wp\/v2\/media\/22933"}],"wp:attachment":[{"href":"https:\/\/phono.shop\/en\/wp-json\/wp\/v2\/media?parent=22932"}],"wp:term":[{"taxonomy":"product_brand","embeddable":true,"href":"https:\/\/phono.shop\/en\/wp-json\/wp\/v2\/product_brand?post=22932"},{"taxonomy":"product_cat","embeddable":true,"href":"https:\/\/phono.shop\/en\/wp-json\/wp\/v2\/product_cat?post=22932"},{"taxonomy":"product_tag","embeddable":true,"href":"https:\/\/phono.shop\/en\/wp-json\/wp\/v2\/product_tag?post=22932"}],"curies":[{"name":"wp","href":"https:\/\/api.w.org\/{rel}","templated":true}]}}