{"id":22941,"date":"2025-10-08T16:02:44","date_gmt":"2025-10-08T14:02:44","guid":{"rendered":"https:\/\/phono.shop\/?post_type=product&#038;p=22941"},"modified":"2026-03-19T14:56:01","modified_gmt":"2026-03-19T12:56:01","slug":"receptu-korteles-the-cocktail-cabinet-whiskey","status":"publish","type":"product","link":"https:\/\/phono.shop\/en\/product\/receptu-korteles-the-cocktail-cabinet-whiskey\/","title":{"rendered":"Recept\u0173 kortel\u0117s | The Cocktail Cabinet: Whiskey"},"content":{"rendered":"<p>Recept\u0173 kortel\u0117s | The Cocktail Cabinet: Whiskey<\/p>","protected":false},"excerpt":{"rendered":"<p>Recept\u0173 kortel\u0117s | The Cocktail Cabinet: Whiskey<\/p>","protected":false},"featured_media":22942,"template":"","meta":{"_acf_changed":false},"product_brand":[],"product_cat":[217,351,356],"product_tag":[190],"class_list":{"0":"post-22941","1":"product","2":"type-product","3":"status-publish","4":"has-post-thumbnail","6":"product_cat-dideli-mazi-objektai","7":"product_cat-atradimams","8":"product_cat-mazi-objektai","9":"product_tag-gift","10":"product_shipping_class-mazas-svoris","12":"first","13":"outofstock","14":"taxable","15":"shipping-taxable","16":"purchasable","17":"product-type-simple"},"bundled_by":[],"bundle_stock_status":"outofstock","bundle_stock_quantity":0,"bundle_virtual":false,"bundle_layout":"","bundle_add_to_cart_form_location":"","bundle_editable_in_cart":false,"bundle_sold_individually_context":"","bundle_item_grouping":"","bundle_min_size":"","bundle_max_size":"","bundle_price":[],"bundled_items":[],"bundle_sell_ids":[],"acf":[],"_links":{"self":[{"href":"https:\/\/phono.shop\/en\/wp-json\/wp\/v2\/product\/22941","targetHints":{"allow":["GET"]}}],"collection":[{"href":"https:\/\/phono.shop\/en\/wp-json\/wp\/v2\/product"}],"about":[{"href":"https:\/\/phono.shop\/en\/wp-json\/wp\/v2\/types\/product"}],"wp:featuredmedia":[{"embeddable":true,"href":"https:\/\/phono.shop\/en\/wp-json\/wp\/v2\/media\/22942"}],"wp:attachment":[{"href":"https:\/\/phono.shop\/en\/wp-json\/wp\/v2\/media?parent=22941"}],"wp:term":[{"taxonomy":"product_brand","embeddable":true,"href":"https:\/\/phono.shop\/en\/wp-json\/wp\/v2\/product_brand?post=22941"},{"taxonomy":"product_cat","embeddable":true,"href":"https:\/\/phono.shop\/en\/wp-json\/wp\/v2\/product_cat?post=22941"},{"taxonomy":"product_tag","embeddable":true,"href":"https:\/\/phono.shop\/en\/wp-json\/wp\/v2\/product_tag?post=22941"}],"curies":[{"name":"wp","href":"https:\/\/api.w.org\/{rel}","templated":true}]}}