{"id":22947,"date":"2026-03-01T16:11:26","date_gmt":"2026-03-01T14:11:26","guid":{"rendered":"https:\/\/phono.shop\/?post_type=product&#038;p=22947"},"modified":"2026-04-01T21:07:32","modified_gmt":"2026-04-01T19:07:32","slug":"receptu-korteles-the-cocktail-cabinet-tequila","status":"publish","type":"product","link":"https:\/\/phono.shop\/en\/product\/receptu-korteles-the-cocktail-cabinet-tequila\/","title":{"rendered":"Recept\u0173 kortel\u0117s | The Cocktail Cabinet: Tequila"},"content":{"rendered":"<p>Recept\u0173 kortel\u0117s | The Cocktail Cabinet: Tequila<\/p>","protected":false},"excerpt":{"rendered":"<p>Recept\u0173 kortel\u0117s | The Cocktail Cabinet: Tequila<\/p>","protected":false},"featured_media":22948,"template":"","meta":{"_acf_changed":false},"product_brand":[],"product_cat":[351,108,371],"product_tag":[190],"class_list":{"0":"post-22947","1":"product","2":"type-product","3":"status-publish","4":"has-post-thumbnail","6":"product_cat-atradimams","7":"product_cat-namams","8":"product_cat-stalo-kultura","9":"product_tag-gift","10":"product_shipping_class-mazas-svoris","12":"first","13":"outofstock","14":"taxable","15":"shipping-taxable","16":"purchasable","17":"product-type-simple"},"bundled_by":[],"bundle_stock_status":"outofstock","bundle_stock_quantity":0,"bundle_virtual":false,"bundle_layout":"","bundle_add_to_cart_form_location":"","bundle_editable_in_cart":false,"bundle_sold_individually_context":"","bundle_item_grouping":"","bundle_min_size":"","bundle_max_size":"","bundle_price":[],"bundled_items":[],"bundle_sell_ids":[],"acf":[],"_links":{"self":[{"href":"https:\/\/phono.shop\/en\/wp-json\/wp\/v2\/product\/22947","targetHints":{"allow":["GET"]}}],"collection":[{"href":"https:\/\/phono.shop\/en\/wp-json\/wp\/v2\/product"}],"about":[{"href":"https:\/\/phono.shop\/en\/wp-json\/wp\/v2\/types\/product"}],"wp:featuredmedia":[{"embeddable":true,"href":"https:\/\/phono.shop\/en\/wp-json\/wp\/v2\/media\/22948"}],"wp:attachment":[{"href":"https:\/\/phono.shop\/en\/wp-json\/wp\/v2\/media?parent=22947"}],"wp:term":[{"taxonomy":"product_brand","embeddable":true,"href":"https:\/\/phono.shop\/en\/wp-json\/wp\/v2\/product_brand?post=22947"},{"taxonomy":"product_cat","embeddable":true,"href":"https:\/\/phono.shop\/en\/wp-json\/wp\/v2\/product_cat?post=22947"},{"taxonomy":"product_tag","embeddable":true,"href":"https:\/\/phono.shop\/en\/wp-json\/wp\/v2\/product_tag?post=22947"}],"curies":[{"name":"wp","href":"https:\/\/api.w.org\/{rel}","templated":true}]}}