{"id":23311,"date":"2025-10-17T13:22:29","date_gmt":"2025-10-17T11:22:29","guid":{"rendered":"https:\/\/phono.shop\/?post_type=product&#038;p=23311"},"modified":"2025-12-13T11:47:25","modified_gmt":"2025-12-13T09:47:25","slug":"kanto-audio-yu-2-matte-black","status":"publish","type":"product","link":"https:\/\/phono.shop\/en\/product\/kanto-audio-yu-2-matte-black\/","title":{"rendered":"Kanto Audio | Yu 4 Matte Black"},"content":{"rendered":"<p>Kanto Audio | Yu 4 Matte Black \u2013 tai auk\u0161tos kokyb\u0117s aktyv\u016bs garsiakalbiai. Integruotas Phono korektorius, \u201eBluetooth 4.0\u201c su aptX, optin\u0117s jungtys ir modernus dizainas \u2013 idealus pasirinkimas muzikos entuziastams tiek analogin\u0117je, tiek skaitmenin\u0117je erdv\u0117je.<\/p>","protected":false},"excerpt":{"rendered":"<p>Kanto Audio | Yu 4 Matte Black \u2013 tai auk\u0161tos kokyb\u0117s aktyv\u016bs garsiakalbiai. Integruotas Phono korektorius, \u201eBluetooth 4.0\u201c su aptX, optin\u0117s jungtys ir modernus dizainas \u2013 idealus pasirinkimas muzikos entuziastams tiek analogin\u0117je, tiek skaitmenin\u0117je erdv\u0117je.<\/p>","protected":false},"featured_media":23332,"template":"","meta":{"_acf_changed":false},"product_brand":[],"product_cat":[207,331,169,336],"product_tag":[332],"class_list":{"0":"post-23311","1":"product","2":"type-product","3":"status-publish","4":"has-post-thumbnail","6":"product_cat-audio","7":"product_cat-kanto","8":"product_cat-koloneles","9":"product_cat-stereo-komplektai","10":"product_tag-kanto","11":"product_shipping_class-didelis-svoris","13":"first","14":"outofstock","15":"taxable","16":"shipping-taxable","17":"purchasable","18":"product-type-simple"},"bundled_by":[],"bundle_stock_status":"outofstock","bundle_stock_quantity":0,"bundle_virtual":false,"bundle_layout":"","bundle_add_to_cart_form_location":"","bundle_editable_in_cart":false,"bundle_sold_individually_context":"","bundle_item_grouping":"","bundle_min_size":"","bundle_max_size":"","bundle_price":[],"bundled_items":[],"bundle_sell_ids":[],"acf":[],"_links":{"self":[{"href":"https:\/\/phono.shop\/en\/wp-json\/wp\/v2\/product\/23311","targetHints":{"allow":["GET"]}}],"collection":[{"href":"https:\/\/phono.shop\/en\/wp-json\/wp\/v2\/product"}],"about":[{"href":"https:\/\/phono.shop\/en\/wp-json\/wp\/v2\/types\/product"}],"wp:featuredmedia":[{"embeddable":true,"href":"https:\/\/phono.shop\/en\/wp-json\/wp\/v2\/media\/23332"}],"wp:attachment":[{"href":"https:\/\/phono.shop\/en\/wp-json\/wp\/v2\/media?parent=23311"}],"wp:term":[{"taxonomy":"product_brand","embeddable":true,"href":"https:\/\/phono.shop\/en\/wp-json\/wp\/v2\/product_brand?post=23311"},{"taxonomy":"product_cat","embeddable":true,"href":"https:\/\/phono.shop\/en\/wp-json\/wp\/v2\/product_cat?post=23311"},{"taxonomy":"product_tag","embeddable":true,"href":"https:\/\/phono.shop\/en\/wp-json\/wp\/v2\/product_tag?post=23311"}],"curies":[{"name":"wp","href":"https:\/\/api.w.org\/{rel}","templated":true}]}}