{"id":23338,"date":"2025-10-17T13:49:34","date_gmt":"2025-10-17T11:49:34","guid":{"rendered":"https:\/\/phono.shop\/?post_type=product&#038;p=23338"},"modified":"2025-12-10T17:59:21","modified_gmt":"2025-12-10T15:59:21","slug":"kanto-audio-yu-6-walnut","status":"publish","type":"product","link":"https:\/\/phono.shop\/en\/product\/kanto-audio-yu-6-walnut\/","title":{"rendered":"Kanto Audio | Yu 6 Walnut"},"content":{"rendered":"<p>Kanto Audio | Yu 6 Walnut \u2013 tai galingos aktyvios garso kolon\u0117l\u0117s su 200 W pikin\u0117s galios stiprintuvu. Bluetooth 4.0, Phono korektorius, optin\u0117s jungtys ir universalus valdymas \u2013 tai i\u0161skirtin\u0117 garso kokyb\u0117 kiekviename kambario kampe.<\/p>","protected":false},"excerpt":{"rendered":"<p>Kanto Audio | Yu 6 Walnut \u2013 tai galingos aktyvios garso kolon\u0117l\u0117s su 200 W pikin\u0117s galios stiprintuvu. Bluetooth 4.0, Phono korektorius, optin\u0117s jungtys ir universalus valdymas \u2013 tai i\u0161skirtin\u0117 garso kokyb\u0117 kiekviename kambario kampe.<\/p>","protected":false},"featured_media":23363,"template":"","meta":{"_acf_changed":false},"product_brand":[],"product_cat":[207,331,169,350,336],"product_tag":[332],"class_list":{"0":"post-23338","1":"product","2":"type-product","3":"status-publish","4":"has-post-thumbnail","6":"product_cat-audio","7":"product_cat-kanto","8":"product_cat-koloneles","9":"product_cat-melomanui","10":"product_cat-stereo-komplektai","11":"product_tag-kanto","12":"product_shipping_class-didelis-svoris","14":"first","15":"instock","16":"taxable","17":"shipping-taxable","18":"purchasable","19":"product-type-simple"},"bundled_by":[],"bundle_stock_status":"instock","bundle_stock_quantity":1,"bundle_virtual":false,"bundle_layout":"","bundle_add_to_cart_form_location":"","bundle_editable_in_cart":false,"bundle_sold_individually_context":"","bundle_item_grouping":"","bundle_min_size":"","bundle_max_size":"","bundle_price":[],"bundled_items":[],"bundle_sell_ids":[],"acf":[],"_links":{"self":[{"href":"https:\/\/phono.shop\/en\/wp-json\/wp\/v2\/product\/23338","targetHints":{"allow":["GET"]}}],"collection":[{"href":"https:\/\/phono.shop\/en\/wp-json\/wp\/v2\/product"}],"about":[{"href":"https:\/\/phono.shop\/en\/wp-json\/wp\/v2\/types\/product"}],"wp:featuredmedia":[{"embeddable":true,"href":"https:\/\/phono.shop\/en\/wp-json\/wp\/v2\/media\/23363"}],"wp:attachment":[{"href":"https:\/\/phono.shop\/en\/wp-json\/wp\/v2\/media?parent=23338"}],"wp:term":[{"taxonomy":"product_brand","embeddable":true,"href":"https:\/\/phono.shop\/en\/wp-json\/wp\/v2\/product_brand?post=23338"},{"taxonomy":"product_cat","embeddable":true,"href":"https:\/\/phono.shop\/en\/wp-json\/wp\/v2\/product_cat?post=23338"},{"taxonomy":"product_tag","embeddable":true,"href":"https:\/\/phono.shop\/en\/wp-json\/wp\/v2\/product_tag?post=23338"}],"curies":[{"name":"wp","href":"https:\/\/api.w.org\/{rel}","templated":true}]}}