{"id":23626,"date":"2025-08-24T13:48:08","date_gmt":"2025-08-24T11:48:08","guid":{"rendered":"https:\/\/phono.shop\/?post_type=product&#038;p=23626"},"modified":"2025-11-04T13:30:22","modified_gmt":"2025-11-04T11:30:22","slug":"kanto-audio-sp6hd-black","status":"publish","type":"product","link":"https:\/\/phono.shop\/en\/product\/kanto-audio-sp6hd-black\/","title":{"rendered":"Kanto Audio | SP6HD Black"},"content":{"rendered":"<p>Kanto Audio | SP6HD Black &#8211; stalini\u0173 garsiakalbi\u0173 stovai pakelia j\u016bs\u0173 garsiakalbius iki aus\u0173 lygio, leisdami i\u0161girsti platesn\u012f da\u017eni\u0173 spektr\u0105 ir tiksliau perteikti gars\u0105. D\u0117l tvirtos <strong data-start=\"602\" data-end=\"629\">plienin\u0117s konstrukcijos<\/strong> and <strong data-start=\"633\" data-end=\"659\">u\u017edar\u0173 por\u0173 putplas\u010dio<\/strong> pamink\u0161tinimo \u0161ie stovai \u017eenkliai suma\u017eina vibracijas, tod\u0117l garsas tampa \u0161varesnis, ai\u0161kesnis ir labiau subalansuotas.<\/p>","protected":false},"excerpt":{"rendered":"<p>Kanto Audio | SP6HD Black &#8211; stalini\u0173 garsiakalbi\u0173 stovai pakelia j\u016bs\u0173 garsiakalbius iki aus\u0173 lygio, leisdami i\u0161girsti platesn\u012f da\u017eni\u0173 spektr\u0105 ir tiksliau perteikti gars\u0105. D\u0117l tvirtos plienin\u0117s konstrukcijos ir u\u017edar\u0173 por\u0173 putplas\u010dio pamink\u0161tinimo \u0161ie stovai \u017eenkliai suma\u017eina vibracijas, tod\u0117l garsas tampa \u0161varesnis, ai\u0161kesnis ir labiau subalansuotas.<\/p>","protected":false},"featured_media":23634,"template":"","meta":{"_acf_changed":false},"product_brand":[],"product_cat":[334],"product_tag":[332],"class_list":{"0":"post-23626","1":"product","2":"type-product","3":"status-publish","4":"has-post-thumbnail","6":"product_cat-koloneliu-stovai","7":"product_tag-kanto","8":"product_shipping_class-didelis-svoris","10":"first","11":"instock","12":"taxable","13":"shipping-taxable","14":"purchasable","15":"product-type-simple"},"bundled_by":[],"bundle_stock_status":"instock","bundle_stock_quantity":1,"bundle_virtual":false,"bundle_layout":"","bundle_add_to_cart_form_location":"","bundle_editable_in_cart":false,"bundle_sold_individually_context":"","bundle_item_grouping":"","bundle_min_size":"","bundle_max_size":"","bundle_price":[],"bundled_items":[],"bundle_sell_ids":[],"acf":[],"_links":{"self":[{"href":"https:\/\/phono.shop\/en\/wp-json\/wp\/v2\/product\/23626","targetHints":{"allow":["GET"]}}],"collection":[{"href":"https:\/\/phono.shop\/en\/wp-json\/wp\/v2\/product"}],"about":[{"href":"https:\/\/phono.shop\/en\/wp-json\/wp\/v2\/types\/product"}],"wp:featuredmedia":[{"embeddable":true,"href":"https:\/\/phono.shop\/en\/wp-json\/wp\/v2\/media\/23634"}],"wp:attachment":[{"href":"https:\/\/phono.shop\/en\/wp-json\/wp\/v2\/media?parent=23626"}],"wp:term":[{"taxonomy":"product_brand","embeddable":true,"href":"https:\/\/phono.shop\/en\/wp-json\/wp\/v2\/product_brand?post=23626"},{"taxonomy":"product_cat","embeddable":true,"href":"https:\/\/phono.shop\/en\/wp-json\/wp\/v2\/product_cat?post=23626"},{"taxonomy":"product_tag","embeddable":true,"href":"https:\/\/phono.shop\/en\/wp-json\/wp\/v2\/product_tag?post=23626"}],"curies":[{"name":"wp","href":"https:\/\/api.w.org\/{rel}","templated":true}]}}