{"id":23795,"date":"2025-12-01T15:55:47","date_gmt":"2025-12-01T13:55:47","guid":{"rendered":"https:\/\/phono.shop\/?post_type=product&#038;p=23795"},"modified":"2025-12-04T18:56:52","modified_gmt":"2025-12-04T16:56:52","slug":"ploksteliu-stovas-flexifile-collator-10","status":"publish","type":"product","link":"https:\/\/phono.shop\/en\/product\/ploksteliu-stovas-flexifile-collator-10\/","title":{"rendered":"Plok\u0161teli\u0173 stovas | Flex-i-File Collator 10"},"content":{"rendered":"<p>Plok\u0161teli\u0173 stovas | Flex-i-File Collator 10<\/p>","protected":false},"excerpt":{"rendered":"<p>Plok\u0161teli\u0173 stovas | Flex-i-File Collator 10<\/p>","protected":false},"featured_media":23807,"template":"","meta":{"_acf_changed":false},"product_brand":[],"product_cat":[136,24,349,282,108,185],"product_tag":[],"class_list":{"0":"post-23795","1":"product","2":"type-product","3":"status-publish","4":"has-post-thumbnail","6":"product_cat-ploksteliu-laikikliai","7":"product_cat-dovanos","8":"product_cat-estetui","9":"product_cat-interjero-detales","10":"product_cat-namams","11":"product_cat-vinilu-laikymas","12":"product_shipping_class-didelis-svoris","14":"first","15":"instock","16":"taxable","17":"shipping-taxable","18":"purchasable","19":"product-type-simple"},"bundled_by":[],"bundle_stock_status":"instock","bundle_stock_quantity":3,"bundle_virtual":false,"bundle_layout":"","bundle_add_to_cart_form_location":"","bundle_editable_in_cart":false,"bundle_sold_individually_context":"","bundle_item_grouping":"","bundle_min_size":"","bundle_max_size":"","bundle_price":[],"bundled_items":[],"bundle_sell_ids":[],"acf":[],"_links":{"self":[{"href":"https:\/\/phono.shop\/en\/wp-json\/wp\/v2\/product\/23795","targetHints":{"allow":["GET"]}}],"collection":[{"href":"https:\/\/phono.shop\/en\/wp-json\/wp\/v2\/product"}],"about":[{"href":"https:\/\/phono.shop\/en\/wp-json\/wp\/v2\/types\/product"}],"wp:featuredmedia":[{"embeddable":true,"href":"https:\/\/phono.shop\/en\/wp-json\/wp\/v2\/media\/23807"}],"wp:attachment":[{"href":"https:\/\/phono.shop\/en\/wp-json\/wp\/v2\/media?parent=23795"}],"wp:term":[{"taxonomy":"product_brand","embeddable":true,"href":"https:\/\/phono.shop\/en\/wp-json\/wp\/v2\/product_brand?post=23795"},{"taxonomy":"product_cat","embeddable":true,"href":"https:\/\/phono.shop\/en\/wp-json\/wp\/v2\/product_cat?post=23795"},{"taxonomy":"product_tag","embeddable":true,"href":"https:\/\/phono.shop\/en\/wp-json\/wp\/v2\/product_tag?post=23795"}],"curies":[{"name":"wp","href":"https:\/\/api.w.org\/{rel}","templated":true}]}}