{"id":24562,"date":"2025-12-01T16:27:04","date_gmt":"2025-12-01T14:27:04","guid":{"rendered":"https:\/\/phono.shop\/?post_type=product&#038;p=24562"},"modified":"2026-04-04T10:34:42","modified_gmt":"2026-04-04T08:34:42","slug":"muzikine-dezute-louis-armstrong-what-a-wonderful-world","status":"publish","type":"product","link":"https:\/\/phono.shop\/en\/product\/muzikine-dezute-louis-armstrong-what-a-wonderful-world\/","title":{"rendered":"Muzikin\u0117 d\u0117\u017eut\u0117 | Louis Armstrong &#8211; What A Wonderful World"},"content":{"rendered":"<p>Muzikin\u0117 d\u0117\u017eut\u0117 | Louis Armstrong &#8211; What A Wonderful World<\/p>","protected":false},"excerpt":{"rendered":"<p>Muzikin\u0117 d\u0117\u017eut\u0117 | Louis Armstrong &#8211; What A Wonderful World<\/p>","protected":false},"featured_media":24822,"template":"","meta":{"_acf_changed":false},"product_brand":[],"product_cat":[217,24,356],"product_tag":[190],"class_list":{"0":"post-24562","1":"product","2":"type-product","3":"status-publish","4":"has-post-thumbnail","6":"product_cat-dideli-mazi-objektai","7":"product_cat-dovanos","8":"product_cat-mazi-objektai","9":"product_tag-gift","10":"product_shipping_class-mazas-svoris","12":"first","13":"instock","14":"taxable","15":"shipping-taxable","16":"purchasable","17":"product-type-simple"},"bundled_by":[],"bundle_stock_status":"instock","bundle_stock_quantity":8,"bundle_virtual":false,"bundle_layout":"","bundle_add_to_cart_form_location":"","bundle_editable_in_cart":false,"bundle_sold_individually_context":"","bundle_item_grouping":"","bundle_min_size":"","bundle_max_size":"","bundle_price":[],"bundled_items":[],"bundle_sell_ids":[],"acf":[],"_links":{"self":[{"href":"https:\/\/phono.shop\/en\/wp-json\/wp\/v2\/product\/24562","targetHints":{"allow":["GET"]}}],"collection":[{"href":"https:\/\/phono.shop\/en\/wp-json\/wp\/v2\/product"}],"about":[{"href":"https:\/\/phono.shop\/en\/wp-json\/wp\/v2\/types\/product"}],"wp:featuredmedia":[{"embeddable":true,"href":"https:\/\/phono.shop\/en\/wp-json\/wp\/v2\/media\/24822"}],"wp:attachment":[{"href":"https:\/\/phono.shop\/en\/wp-json\/wp\/v2\/media?parent=24562"}],"wp:term":[{"taxonomy":"product_brand","embeddable":true,"href":"https:\/\/phono.shop\/en\/wp-json\/wp\/v2\/product_brand?post=24562"},{"taxonomy":"product_cat","embeddable":true,"href":"https:\/\/phono.shop\/en\/wp-json\/wp\/v2\/product_cat?post=24562"},{"taxonomy":"product_tag","embeddable":true,"href":"https:\/\/phono.shop\/en\/wp-json\/wp\/v2\/product_tag?post=24562"}],"curies":[{"name":"wp","href":"https:\/\/api.w.org\/{rel}","templated":true}]}}