{"id":24788,"date":"2025-12-16T15:32:45","date_gmt":"2025-12-16T13:32:45","guid":{"rendered":"https:\/\/phono.shop\/?post_type=product&#038;p=24788"},"modified":"2026-01-06T17:16:41","modified_gmt":"2026-01-06T15:16:41","slug":"xx-amziaus-kaledos","status":"publish","type":"product","link":"https:\/\/phono.shop\/en\/product\/xx-amziaus-kaledos\/","title":{"rendered":"XX am\u017eiaus KAL\u0116DOS"},"content":{"rendered":"<p>XX am\u017eiaus KAL\u0116DOS<\/p>","protected":false},"excerpt":{"rendered":"<p>XX am\u017eiaus KAL\u0116DOS<\/p>","protected":false},"featured_media":24790,"template":"","meta":{"_acf_changed":false},"product_brand":[],"product_cat":[75,80,357,275,22],"product_tag":[190],"class_list":{"0":"post-24788","1":"product","2":"type-product","3":"status-publish","4":"has-post-thumbnail","6":"product_cat-christmas-must-have","7":"product_cat-lietuvos-atlikejai-must-have","8":"product_cat-nostalgijai","9":"product_cat-pagaminta-lietuvoje","10":"product_cat-visos-ploksteles","11":"product_tag-gift","12":"product_shipping_class-mazas-svoris","14":"first","15":"instock","16":"taxable","17":"shipping-taxable","18":"purchasable","19":"product-type-simple"},"bundled_by":[],"bundle_stock_status":"instock","bundle_stock_quantity":1,"bundle_virtual":false,"bundle_layout":"","bundle_add_to_cart_form_location":"","bundle_editable_in_cart":false,"bundle_sold_individually_context":"","bundle_item_grouping":"","bundle_min_size":"","bundle_max_size":"","bundle_price":[],"bundled_items":[],"bundle_sell_ids":[],"acf":[],"_links":{"self":[{"href":"https:\/\/phono.shop\/en\/wp-json\/wp\/v2\/product\/24788","targetHints":{"allow":["GET"]}}],"collection":[{"href":"https:\/\/phono.shop\/en\/wp-json\/wp\/v2\/product"}],"about":[{"href":"https:\/\/phono.shop\/en\/wp-json\/wp\/v2\/types\/product"}],"wp:featuredmedia":[{"embeddable":true,"href":"https:\/\/phono.shop\/en\/wp-json\/wp\/v2\/media\/24790"}],"wp:attachment":[{"href":"https:\/\/phono.shop\/en\/wp-json\/wp\/v2\/media?parent=24788"}],"wp:term":[{"taxonomy":"product_brand","embeddable":true,"href":"https:\/\/phono.shop\/en\/wp-json\/wp\/v2\/product_brand?post=24788"},{"taxonomy":"product_cat","embeddable":true,"href":"https:\/\/phono.shop\/en\/wp-json\/wp\/v2\/product_cat?post=24788"},{"taxonomy":"product_tag","embeddable":true,"href":"https:\/\/phono.shop\/en\/wp-json\/wp\/v2\/product_tag?post=24788"}],"curies":[{"name":"wp","href":"https:\/\/api.w.org\/{rel}","templated":true}]}}