{"id":25040,"date":"2025-12-08T18:23:15","date_gmt":"2025-12-08T16:23:15","guid":{"rendered":"https:\/\/phono.shop\/?post_type=product&#038;p=25040"},"modified":"2025-12-16T23:51:26","modified_gmt":"2025-12-16T21:51:26","slug":"we-are-rewind-boombox-kaseciu-grotuvas","status":"publish","type":"product","link":"https:\/\/phono.shop\/en\/product\/we-are-rewind-boombox-kaseciu-grotuvas\/","title":{"rendered":"We Are Rewind | Boombox | Kase\u010di\u0173 grotuvas"},"content":{"rendered":"<p>We Are Rewind | Boombox | Kase\u010di\u0173 grotuvas<\/p>","protected":false},"excerpt":{"rendered":"<p>We Are Rewind | Boombox | Kase\u010di\u0173 grotuvas<\/p>","protected":false},"featured_media":25051,"template":"","meta":{"_acf_changed":false},"product_brand":[319],"product_cat":[207,151,341,350],"product_tag":[190,248],"class_list":{"0":"post-25040","1":"product","2":"type-product","3":"status-publish","4":"has-post-thumbnail","6":"product_brand-we-are-rewind","7":"product_cat-audio","8":"product_cat-grotuvai","9":"product_cat-kaseciu-grotuvai","10":"product_cat-melomanui","11":"product_tag-gift","12":"product_tag-we-are-rewind","13":"product_shipping_class-didelis-svoris","15":"first","16":"instock","17":"taxable","18":"shipping-taxable","19":"purchasable","20":"product-type-simple"},"bundled_by":[],"bundle_stock_status":"instock","bundle_stock_quantity":2,"bundle_virtual":false,"bundle_layout":"","bundle_add_to_cart_form_location":"","bundle_editable_in_cart":false,"bundle_sold_individually_context":"","bundle_item_grouping":"","bundle_min_size":"","bundle_max_size":"","bundle_price":[],"bundled_items":[],"bundle_sell_ids":[],"acf":[],"_links":{"self":[{"href":"https:\/\/phono.shop\/en\/wp-json\/wp\/v2\/product\/25040","targetHints":{"allow":["GET"]}}],"collection":[{"href":"https:\/\/phono.shop\/en\/wp-json\/wp\/v2\/product"}],"about":[{"href":"https:\/\/phono.shop\/en\/wp-json\/wp\/v2\/types\/product"}],"wp:featuredmedia":[{"embeddable":true,"href":"https:\/\/phono.shop\/en\/wp-json\/wp\/v2\/media\/25051"}],"wp:attachment":[{"href":"https:\/\/phono.shop\/en\/wp-json\/wp\/v2\/media?parent=25040"}],"wp:term":[{"taxonomy":"product_brand","embeddable":true,"href":"https:\/\/phono.shop\/en\/wp-json\/wp\/v2\/product_brand?post=25040"},{"taxonomy":"product_cat","embeddable":true,"href":"https:\/\/phono.shop\/en\/wp-json\/wp\/v2\/product_cat?post=25040"},{"taxonomy":"product_tag","embeddable":true,"href":"https:\/\/phono.shop\/en\/wp-json\/wp\/v2\/product_tag?post=25040"}],"curies":[{"name":"wp","href":"https:\/\/api.w.org\/{rel}","templated":true}]}}