{"id":25860,"date":"2025-12-30T14:20:20","date_gmt":"2025-12-30T12:20:20","guid":{"rendered":"https:\/\/phono.shop\/?post_type=product&#038;p=25860"},"modified":"2025-12-30T16:29:02","modified_gmt":"2025-12-30T14:29:02","slug":"klipsch-austin-nesiojama-kolonele","status":"publish","type":"product","link":"https:\/\/phono.shop\/en\/product\/klipsch-austin-nesiojama-kolonele\/","title":{"rendered":"KLIPSCH AUSTIN | Ne\u0161iojama kolon\u0117l\u0117"},"content":{"rendered":"<p>KLIPSCH AUSTIN | Ne\u0161iojama kolon\u0117l\u0117<\/p>","protected":false},"excerpt":{"rendered":"<p>KLIPSCH AUSTIN | Ne\u0161iojama kolon\u0117l\u0117<\/p>","protected":false},"featured_media":25864,"template":"","meta":{"_acf_changed":false},"product_brand":[],"product_cat":[207,308,169,335],"product_tag":[168],"class_list":{"0":"post-25860","1":"product","2":"type-product","3":"status-publish","4":"has-post-thumbnail","6":"product_cat-audio","7":"product_cat-klipsch","8":"product_cat-koloneles","9":"product_cat-nesiojamos-koloneles","10":"product_tag-klipsch","11":"product_shipping_class-mazas-svoris","13":"first","14":"instock","15":"taxable","16":"shipping-taxable","17":"purchasable","18":"product-type-simple"},"bundled_by":[],"bundle_stock_status":"instock","bundle_stock_quantity":1,"bundle_virtual":false,"bundle_layout":"","bundle_add_to_cart_form_location":"","bundle_editable_in_cart":false,"bundle_sold_individually_context":"","bundle_item_grouping":"","bundle_min_size":"","bundle_max_size":"","bundle_price":[],"bundled_items":[],"bundle_sell_ids":[],"acf":[],"_links":{"self":[{"href":"https:\/\/phono.shop\/en\/wp-json\/wp\/v2\/product\/25860","targetHints":{"allow":["GET"]}}],"collection":[{"href":"https:\/\/phono.shop\/en\/wp-json\/wp\/v2\/product"}],"about":[{"href":"https:\/\/phono.shop\/en\/wp-json\/wp\/v2\/types\/product"}],"wp:featuredmedia":[{"embeddable":true,"href":"https:\/\/phono.shop\/en\/wp-json\/wp\/v2\/media\/25864"}],"wp:attachment":[{"href":"https:\/\/phono.shop\/en\/wp-json\/wp\/v2\/media?parent=25860"}],"wp:term":[{"taxonomy":"product_brand","embeddable":true,"href":"https:\/\/phono.shop\/en\/wp-json\/wp\/v2\/product_brand?post=25860"},{"taxonomy":"product_cat","embeddable":true,"href":"https:\/\/phono.shop\/en\/wp-json\/wp\/v2\/product_cat?post=25860"},{"taxonomy":"product_tag","embeddable":true,"href":"https:\/\/phono.shop\/en\/wp-json\/wp\/v2\/product_tag?post=25860"}],"curies":[{"name":"wp","href":"https:\/\/api.w.org\/{rel}","templated":true}]}}