{"id":26291,"date":"2026-01-26T16:56:05","date_gmt":"2026-01-26T14:56:05","guid":{"rendered":"https:\/\/phono.shop\/?post_type=product&#038;p=26291"},"modified":"2026-01-26T16:57:53","modified_gmt":"2026-01-26T14:57:53","slug":"degtukai-tuscan-sun","status":"publish","type":"product","link":"https:\/\/phono.shop\/en\/product\/degtukai-tuscan-sun\/","title":{"rendered":"Degtukai | Tuscan Sun"},"content":{"rendered":"<p>Degtukai | Tuscan Sun | Dizaineri\u0173 degtuk\u0173 d\u0117\u017eut\u0117s \u2013 tai funkcionalus nam\u0173 aksesuaras, kuris kartu tampa interjero detale ar stilinga dovana. \u0160ioje kategorijoje pateikiamos kvadratin\u0117s degtuk\u0173 d\u0117\u017eut\u0117s, i\u0161siskirian\u010dios originaliomis iliustracijomis, auk\u0161ta spaudos kokybe ir kruop\u0161\u010diai apgalvotu dizainu.<\/p>","protected":false},"excerpt":{"rendered":"<p>Degtukai | Tuscan Sun | Dizaineri\u0173 degtuk\u0173 d\u0117\u017eut\u0117s \u2013 tai funkcionalus nam\u0173 aksesuaras, kuris kartu tampa interjero detale ar stilinga dovana. \u0160ioje kategorijoje pateikiamos kvadratin\u0117s degtuk\u0173 d\u0117\u017eut\u0117s, i\u0161siskirian\u010dios originaliomis iliustracijomis, auk\u0161ta spaudos kokybe ir kruop\u0161\u010diai apgalvotu dizainu.<\/p>","protected":false},"featured_media":26296,"template":"","meta":{"_acf_changed":false},"product_brand":[],"product_cat":[361],"product_tag":[],"class_list":{"0":"post-26291","1":"product","2":"type-product","3":"status-publish","4":"has-post-thumbnail","6":"product_cat-degtukai","7":"product_shipping_class-mazas-svoris","9":"first","10":"instock","11":"taxable","12":"shipping-taxable","13":"purchasable","14":"product-type-simple"},"bundled_by":[],"bundle_stock_status":"instock","bundle_stock_quantity":6,"bundle_virtual":false,"bundle_layout":"","bundle_add_to_cart_form_location":"","bundle_editable_in_cart":false,"bundle_sold_individually_context":"","bundle_item_grouping":"","bundle_min_size":"","bundle_max_size":"","bundle_price":[],"bundled_items":[],"bundle_sell_ids":[],"acf":[],"_links":{"self":[{"href":"https:\/\/phono.shop\/en\/wp-json\/wp\/v2\/product\/26291","targetHints":{"allow":["GET"]}}],"collection":[{"href":"https:\/\/phono.shop\/en\/wp-json\/wp\/v2\/product"}],"about":[{"href":"https:\/\/phono.shop\/en\/wp-json\/wp\/v2\/types\/product"}],"wp:featuredmedia":[{"embeddable":true,"href":"https:\/\/phono.shop\/en\/wp-json\/wp\/v2\/media\/26296"}],"wp:attachment":[{"href":"https:\/\/phono.shop\/en\/wp-json\/wp\/v2\/media?parent=26291"}],"wp:term":[{"taxonomy":"product_brand","embeddable":true,"href":"https:\/\/phono.shop\/en\/wp-json\/wp\/v2\/product_brand?post=26291"},{"taxonomy":"product_cat","embeddable":true,"href":"https:\/\/phono.shop\/en\/wp-json\/wp\/v2\/product_cat?post=26291"},{"taxonomy":"product_tag","embeddable":true,"href":"https:\/\/phono.shop\/en\/wp-json\/wp\/v2\/product_tag?post=26291"}],"curies":[{"name":"wp","href":"https:\/\/api.w.org\/{rel}","templated":true}]}}