{"id":26568,"date":"2026-01-28T18:51:20","date_gmt":"2026-01-28T16:51:20","guid":{"rendered":"https:\/\/phono.shop\/?post_type=product&#038;p=26568"},"modified":"2026-01-29T15:23:31","modified_gmt":"2026-01-29T13:23:31","slug":"zvake-parmesan","status":"publish","type":"product","link":"https:\/\/phono.shop\/en\/product\/zvake-parmesan\/","title":{"rendered":"\u017dvak\u0117 | Parmesan"},"content":{"rendered":"<p>\u017dvak\u0117 | Parmesan<\/p>","protected":false},"excerpt":{"rendered":"<p>\u017dvak\u0117 | Parmesan<\/p>","protected":false},"featured_media":26474,"template":"","meta":{"_acf_changed":false},"product_brand":[],"product_cat":[365],"product_tag":[],"class_list":{"0":"post-26568","1":"product","2":"type-product","3":"status-publish","4":"has-post-thumbnail","6":"product_cat-zvakes","7":"product_shipping_class-mazas-svoris","9":"first","10":"instock","11":"taxable","12":"shipping-taxable","13":"purchasable","14":"product-type-simple"},"bundled_by":[],"bundle_stock_status":"instock","bundle_stock_quantity":8,"bundle_virtual":false,"bundle_layout":"","bundle_add_to_cart_form_location":"","bundle_editable_in_cart":false,"bundle_sold_individually_context":"","bundle_item_grouping":"","bundle_min_size":"","bundle_max_size":"","bundle_price":[],"bundled_items":[],"bundle_sell_ids":[],"acf":[],"_links":{"self":[{"href":"https:\/\/phono.shop\/en\/wp-json\/wp\/v2\/product\/26568","targetHints":{"allow":["GET"]}}],"collection":[{"href":"https:\/\/phono.shop\/en\/wp-json\/wp\/v2\/product"}],"about":[{"href":"https:\/\/phono.shop\/en\/wp-json\/wp\/v2\/types\/product"}],"wp:featuredmedia":[{"embeddable":true,"href":"https:\/\/phono.shop\/en\/wp-json\/wp\/v2\/media\/26474"}],"wp:attachment":[{"href":"https:\/\/phono.shop\/en\/wp-json\/wp\/v2\/media?parent=26568"}],"wp:term":[{"taxonomy":"product_brand","embeddable":true,"href":"https:\/\/phono.shop\/en\/wp-json\/wp\/v2\/product_brand?post=26568"},{"taxonomy":"product_cat","embeddable":true,"href":"https:\/\/phono.shop\/en\/wp-json\/wp\/v2\/product_cat?post=26568"},{"taxonomy":"product_tag","embeddable":true,"href":"https:\/\/phono.shop\/en\/wp-json\/wp\/v2\/product_tag?post=26568"}],"curies":[{"name":"wp","href":"https:\/\/api.w.org\/{rel}","templated":true}]}}