{"id":26569,"date":"2026-01-28T18:54:52","date_gmt":"2026-01-28T16:54:52","guid":{"rendered":"https:\/\/phono.shop\/?post_type=product&#038;p=26569"},"modified":"2026-01-29T15:22:40","modified_gmt":"2026-01-29T13:22:40","slug":"zvake-fried-egg-oeuf-au-plat","status":"publish","type":"product","link":"https:\/\/phono.shop\/en\/product\/zvake-fried-egg-oeuf-au-plat\/","title":{"rendered":"\u017dvak\u0117 | Fried Egg &#8211; \u0152uf au Plat"},"content":{"rendered":"<p>\u017dvak\u0117 | Fried Egg &#8211; \u0152uf au Plat<\/p>","protected":false},"excerpt":{"rendered":"<p>\u017dvak\u0117 | Fried Egg &#8211; \u0152uf au Plat<\/p>","protected":false},"featured_media":26470,"template":"","meta":{"_acf_changed":false},"product_brand":[],"product_cat":[365],"product_tag":[],"class_list":{"0":"post-26569","1":"product","2":"type-product","3":"status-publish","4":"has-post-thumbnail","6":"product_cat-zvakes","7":"product_shipping_class-mazas-svoris","9":"first","10":"instock","11":"taxable","12":"shipping-taxable","13":"purchasable","14":"product-type-simple"},"bundled_by":[],"bundle_stock_status":"instock","bundle_stock_quantity":10,"bundle_virtual":false,"bundle_layout":"","bundle_add_to_cart_form_location":"","bundle_editable_in_cart":false,"bundle_sold_individually_context":"","bundle_item_grouping":"","bundle_min_size":"","bundle_max_size":"","bundle_price":[],"bundled_items":[],"bundle_sell_ids":[],"acf":[],"_links":{"self":[{"href":"https:\/\/phono.shop\/en\/wp-json\/wp\/v2\/product\/26569","targetHints":{"allow":["GET"]}}],"collection":[{"href":"https:\/\/phono.shop\/en\/wp-json\/wp\/v2\/product"}],"about":[{"href":"https:\/\/phono.shop\/en\/wp-json\/wp\/v2\/types\/product"}],"wp:featuredmedia":[{"embeddable":true,"href":"https:\/\/phono.shop\/en\/wp-json\/wp\/v2\/media\/26470"}],"wp:attachment":[{"href":"https:\/\/phono.shop\/en\/wp-json\/wp\/v2\/media?parent=26569"}],"wp:term":[{"taxonomy":"product_brand","embeddable":true,"href":"https:\/\/phono.shop\/en\/wp-json\/wp\/v2\/product_brand?post=26569"},{"taxonomy":"product_cat","embeddable":true,"href":"https:\/\/phono.shop\/en\/wp-json\/wp\/v2\/product_cat?post=26569"},{"taxonomy":"product_tag","embeddable":true,"href":"https:\/\/phono.shop\/en\/wp-json\/wp\/v2\/product_tag?post=26569"}],"curies":[{"name":"wp","href":"https:\/\/api.w.org\/{rel}","templated":true}]}}