{"id":26750,"date":"2026-02-03T15:58:59","date_gmt":"2026-02-03T13:58:59","guid":{"rendered":"https:\/\/phono.shop\/?post_type=product&#038;p=26750"},"modified":"2026-04-11T08:26:17","modified_gmt":"2026-04-11T06:26:17","slug":"formel-v-grey-ploksteliu-stovas","status":"publish","type":"product","link":"https:\/\/phono.shop\/en\/product\/formel-v-grey-ploksteliu-stovas\/","title":{"rendered":"FORMEL-V Grey | Plok\u0161teli\u0173 stovas"},"content":{"rendered":"<p>FORMEL-V Grey | Plok\u0161teli\u0173 stovas<\/p>","protected":false},"excerpt":{"rendered":"<p>FORMEL-V Grey | Plok\u0161teli\u0173 stovas<\/p>","protected":false},"featured_media":26742,"template":"","meta":{"_acf_changed":false},"product_brand":[],"product_cat":[108,136,185],"product_tag":[215],"class_list":{"0":"post-26750","1":"product","2":"type-product","3":"status-publish","4":"has-post-thumbnail","6":"product_cat-namams","7":"product_cat-ploksteliu-laikikliai","8":"product_cat-vinilu-laikymas","9":"product_tag-argon-audio","10":"product_shipping_class-didelis-svoris","12":"first","13":"onbackorder","14":"taxable","15":"shipping-taxable","16":"purchasable","17":"product-type-simple"},"bundled_by":[],"bundle_stock_status":"onbackorder","bundle_stock_quantity":-1,"bundle_virtual":false,"bundle_layout":"","bundle_add_to_cart_form_location":"","bundle_editable_in_cart":false,"bundle_sold_individually_context":"","bundle_item_grouping":"","bundle_min_size":"","bundle_max_size":"","bundle_price":[],"bundled_items":[],"bundle_sell_ids":[],"acf":[],"_links":{"self":[{"href":"https:\/\/phono.shop\/en\/wp-json\/wp\/v2\/product\/26750","targetHints":{"allow":["GET"]}}],"collection":[{"href":"https:\/\/phono.shop\/en\/wp-json\/wp\/v2\/product"}],"about":[{"href":"https:\/\/phono.shop\/en\/wp-json\/wp\/v2\/types\/product"}],"wp:featuredmedia":[{"embeddable":true,"href":"https:\/\/phono.shop\/en\/wp-json\/wp\/v2\/media\/26742"}],"wp:attachment":[{"href":"https:\/\/phono.shop\/en\/wp-json\/wp\/v2\/media?parent=26750"}],"wp:term":[{"taxonomy":"product_brand","embeddable":true,"href":"https:\/\/phono.shop\/en\/wp-json\/wp\/v2\/product_brand?post=26750"},{"taxonomy":"product_cat","embeddable":true,"href":"https:\/\/phono.shop\/en\/wp-json\/wp\/v2\/product_cat?post=26750"},{"taxonomy":"product_tag","embeddable":true,"href":"https:\/\/phono.shop\/en\/wp-json\/wp\/v2\/product_tag?post=26750"}],"curies":[{"name":"wp","href":"https:\/\/api.w.org\/{rel}","templated":true}]}}