{"id":27323,"date":"2026-04-27T11:54:15","date_gmt":"2026-04-27T09:54:15","guid":{"rendered":"https:\/\/phono.shop\/?post_type=product&#038;p=27323"},"modified":"2026-04-27T13:25:57","modified_gmt":"2026-04-27T11:25:57","slug":"kodak-charmera","status":"publish","type":"product","link":"https:\/\/phono.shop\/en\/product\/kodak-charmera\/","title":{"rendered":"KODAK CHARMERA | Blind Box"},"content":{"rendered":"<p>KODAK CHARMERA | Kompakti\u0161kas skaitmeninis fotoaparatas rakt\u0173 pakabuko formatu. 1,6 MP CMOS jutiklis, 1440&#215;1080 nuotraukos ir vaizdo \u012fra\u0161ai, USB-C \u012fkrovimas, microSD iki 128 GB. Blind Box pakuot\u0117 su netik\u0117tu dizainu.<\/p>","protected":false},"excerpt":{"rendered":"<p>KODAK CHARMERA | Kompakti\u0161kas skaitmeninis fotoaparatas rakt\u0173 pakabuko formatu. 1,6 MP CMOS jutiklis, 1440&#215;1080 nuotraukos ir vaizdo \u012fra\u0161ai, USB-C \u012fkrovimas, microSD iki 128 GB. Blind Box pakuot\u0117 su netik\u0117tu dizainu.<\/p>","protected":false},"featured_media":27326,"template":"","meta":{"_acf_changed":false},"product_brand":[],"product_cat":[81,362],"product_tag":[160],"class_list":{"0":"post-27323","1":"product","2":"type-product","3":"status-publish","4":"has-post-thumbnail","6":"product_cat-photo","7":"product_cat-skaitmeniniai-fotoaparatai","8":"product_tag-kodak","9":"product_shipping_class-mazas-svoris","11":"first","12":"instock","13":"taxable","14":"shipping-taxable","15":"purchasable","16":"product-type-simple"},"bundled_by":[],"bundle_stock_status":"instock","bundle_stock_quantity":6,"bundle_virtual":false,"bundle_layout":"","bundle_add_to_cart_form_location":"","bundle_editable_in_cart":false,"bundle_sold_individually_context":"","bundle_item_grouping":"","bundle_min_size":"","bundle_max_size":"","bundle_price":[],"bundled_items":[],"bundle_sell_ids":[],"acf":[],"_links":{"self":[{"href":"https:\/\/phono.shop\/en\/wp-json\/wp\/v2\/product\/27323","targetHints":{"allow":["GET"]}}],"collection":[{"href":"https:\/\/phono.shop\/en\/wp-json\/wp\/v2\/product"}],"about":[{"href":"https:\/\/phono.shop\/en\/wp-json\/wp\/v2\/types\/product"}],"wp:featuredmedia":[{"embeddable":true,"href":"https:\/\/phono.shop\/en\/wp-json\/wp\/v2\/media\/27326"}],"wp:attachment":[{"href":"https:\/\/phono.shop\/en\/wp-json\/wp\/v2\/media?parent=27323"}],"wp:term":[{"taxonomy":"product_brand","embeddable":true,"href":"https:\/\/phono.shop\/en\/wp-json\/wp\/v2\/product_brand?post=27323"},{"taxonomy":"product_cat","embeddable":true,"href":"https:\/\/phono.shop\/en\/wp-json\/wp\/v2\/product_cat?post=27323"},{"taxonomy":"product_tag","embeddable":true,"href":"https:\/\/phono.shop\/en\/wp-json\/wp\/v2\/product_tag?post=27323"}],"curies":[{"name":"wp","href":"https:\/\/api.w.org\/{rel}","templated":true}]}}