{"id":27410,"date":"2026-03-14T13:28:11","date_gmt":"2026-03-14T11:28:11","guid":{"rendered":"https:\/\/phono.shop\/?post_type=product&#038;p=27410"},"modified":"2026-04-22T15:37:20","modified_gmt":"2026-04-22T13:37:20","slug":"sabre-paris-bistrot-sviesto-peilis","status":"publish","type":"product","link":"https:\/\/phono.shop\/en\/product\/sabre-paris-bistrot-sviesto-peilis\/","title":{"rendered":"Sabre Paris Bistrot | Sviesto peilis"},"content":{"rendered":"<p>Sabre Paris Bistrot | Sviesto peilis &#8211; subalansuota forma ir blizgi apdaila leid\u017eia jam tapti ne tik funkciniu \u012frankiu, bet ir estetine stalo dalimi. Tinka sviestui, mink\u0161tiems s\u016briams ar u\u017etep\u0117l\u0117ms.<\/p>","protected":false},"excerpt":{"rendered":"<p>Sabre Paris Bistrot | Sviesto peilis &#8211; subalansuota forma ir blizgi apdaila leid\u017eia jam tapti ne tik funkciniu \u012frankiu, bet ir estetine stalo dalimi. Tinka sviestui, mink\u0161tiems s\u016briams ar u\u017etep\u0117l\u0117ms.<\/p>","protected":false},"featured_media":27490,"template":"","meta":{"_acf_changed":false},"product_brand":[],"product_cat":[372,371],"product_tag":[373],"class_list":{"0":"post-27410","1":"product","2":"type-product","3":"status-publish","4":"has-post-thumbnail","6":"product_cat-stalo-irankiai","7":"product_cat-stalo-kultura","8":"product_tag-sabre-paris","9":"product_shipping_class-mazas-svoris","11":"first","12":"instock","13":"taxable","14":"shipping-taxable","15":"purchasable","16":"product-type-variable"},"bundled_by":[],"bundle_stock_status":"instock","bundle_stock_quantity":null,"bundle_virtual":false,"bundle_layout":"","bundle_add_to_cart_form_location":"","bundle_editable_in_cart":false,"bundle_sold_individually_context":"","bundle_item_grouping":"","bundle_min_size":"","bundle_max_size":"","bundle_price":[],"bundled_items":[],"bundle_sell_ids":[],"acf":[],"_links":{"self":[{"href":"https:\/\/phono.shop\/en\/wp-json\/wp\/v2\/product\/27410","targetHints":{"allow":["GET"]}}],"collection":[{"href":"https:\/\/phono.shop\/en\/wp-json\/wp\/v2\/product"}],"about":[{"href":"https:\/\/phono.shop\/en\/wp-json\/wp\/v2\/types\/product"}],"wp:featuredmedia":[{"embeddable":true,"href":"https:\/\/phono.shop\/en\/wp-json\/wp\/v2\/media\/27490"}],"wp:attachment":[{"href":"https:\/\/phono.shop\/en\/wp-json\/wp\/v2\/media?parent=27410"}],"wp:term":[{"taxonomy":"product_brand","embeddable":true,"href":"https:\/\/phono.shop\/en\/wp-json\/wp\/v2\/product_brand?post=27410"},{"taxonomy":"product_cat","embeddable":true,"href":"https:\/\/phono.shop\/en\/wp-json\/wp\/v2\/product_cat?post=27410"},{"taxonomy":"product_tag","embeddable":true,"href":"https:\/\/phono.shop\/en\/wp-json\/wp\/v2\/product_tag?post=27410"}],"curies":[{"name":"wp","href":"https:\/\/api.w.org\/{rel}","templated":true}]}}