{"id":27492,"date":"2026-02-25T15:10:55","date_gmt":"2026-02-25T13:10:55","guid":{"rendered":"https:\/\/phono.shop\/?post_type=product&#038;p=27492"},"modified":"2026-03-12T21:22:41","modified_gmt":"2026-03-12T19:22:41","slug":"sabre-paris-dezute","status":"publish","type":"product","link":"https:\/\/phono.shop\/en\/product\/sabre-paris-dezute\/","title":{"rendered":"Sabre Paris | D\u0117\u017eut\u0117"},"content":{"rendered":"<p>Sabre Paris | D\u0117\u017eute<\/p>","protected":false},"excerpt":{"rendered":"<p>Sabre Paris | D\u0117\u017eute<\/p>","protected":false},"featured_media":27494,"template":"","meta":{"_acf_changed":false},"product_brand":[],"product_cat":[371,372],"product_tag":[373],"class_list":{"0":"post-27492","1":"product","2":"type-product","3":"status-publish","4":"has-post-thumbnail","6":"product_cat-stalo-kultura","7":"product_cat-stalo-irankiai","8":"product_tag-sabre-paris","10":"first","11":"instock","12":"taxable","13":"shipping-taxable","14":"purchasable","15":"product-type-simple"},"bundled_by":[],"bundle_stock_status":"instock","bundle_stock_quantity":null,"bundle_virtual":false,"bundle_layout":"","bundle_add_to_cart_form_location":"","bundle_editable_in_cart":false,"bundle_sold_individually_context":"","bundle_item_grouping":"","bundle_min_size":"","bundle_max_size":"","bundle_price":[],"bundled_items":[],"bundle_sell_ids":[],"acf":[],"_links":{"self":[{"href":"https:\/\/phono.shop\/en\/wp-json\/wp\/v2\/product\/27492","targetHints":{"allow":["GET"]}}],"collection":[{"href":"https:\/\/phono.shop\/en\/wp-json\/wp\/v2\/product"}],"about":[{"href":"https:\/\/phono.shop\/en\/wp-json\/wp\/v2\/types\/product"}],"wp:featuredmedia":[{"embeddable":true,"href":"https:\/\/phono.shop\/en\/wp-json\/wp\/v2\/media\/27494"}],"wp:attachment":[{"href":"https:\/\/phono.shop\/en\/wp-json\/wp\/v2\/media?parent=27492"}],"wp:term":[{"taxonomy":"product_brand","embeddable":true,"href":"https:\/\/phono.shop\/en\/wp-json\/wp\/v2\/product_brand?post=27492"},{"taxonomy":"product_cat","embeddable":true,"href":"https:\/\/phono.shop\/en\/wp-json\/wp\/v2\/product_cat?post=27492"},{"taxonomy":"product_tag","embeddable":true,"href":"https:\/\/phono.shop\/en\/wp-json\/wp\/v2\/product_tag?post=27492"}],"curies":[{"name":"wp","href":"https:\/\/api.w.org\/{rel}","templated":true}]}}