{"id":27541,"date":"2026-03-04T17:51:49","date_gmt":"2026-03-04T15:51:49","guid":{"rendered":"https:\/\/phono.shop\/?post_type=product&#038;p=27541"},"modified":"2026-04-18T10:36:40","modified_gmt":"2026-04-18T08:36:40","slug":"saules-kliosas-pasauliukai-rozinis","status":"publish","type":"product","link":"https:\/\/phono.shop\/en\/product\/saules-kliosas-pasauliukai-rozinis\/","title":{"rendered":"Pasauliukai &#8211; Vaikai \u0160pokai | Ro\u017einis"},"content":{"rendered":"<p>Pasauliukai &#8211; Vaikai \u0160pokai | Ro\u017einis<\/p>","protected":false},"excerpt":{"rendered":"<p>Pasauliukai &#8211; Vaikai \u0160pokai | Ro\u017einis<\/p>","protected":false},"featured_media":27538,"template":"","meta":{"_acf_changed":false},"product_brand":[],"product_cat":[80,256,22],"product_tag":[],"class_list":{"0":"post-27541","1":"product","2":"type-product","3":"status-publish","4":"has-post-thumbnail","6":"product_cat-lietuvos-atlikejai-must-have","7":"product_cat-naujienos","8":"product_cat-visos-ploksteles","9":"product_shipping_class-mazas-svoris","11":"first","12":"instock","13":"taxable","14":"shipping-taxable","15":"purchasable","16":"product-type-simple"},"bundled_by":[],"bundle_stock_status":"instock","bundle_stock_quantity":2,"bundle_virtual":false,"bundle_layout":"","bundle_add_to_cart_form_location":"","bundle_editable_in_cart":false,"bundle_sold_individually_context":"","bundle_item_grouping":"","bundle_min_size":"","bundle_max_size":"","bundle_price":[],"bundled_items":[],"bundle_sell_ids":[],"acf":[],"_links":{"self":[{"href":"https:\/\/phono.shop\/en\/wp-json\/wp\/v2\/product\/27541","targetHints":{"allow":["GET"]}}],"collection":[{"href":"https:\/\/phono.shop\/en\/wp-json\/wp\/v2\/product"}],"about":[{"href":"https:\/\/phono.shop\/en\/wp-json\/wp\/v2\/types\/product"}],"wp:featuredmedia":[{"embeddable":true,"href":"https:\/\/phono.shop\/en\/wp-json\/wp\/v2\/media\/27538"}],"wp:attachment":[{"href":"https:\/\/phono.shop\/en\/wp-json\/wp\/v2\/media?parent=27541"}],"wp:term":[{"taxonomy":"product_brand","embeddable":true,"href":"https:\/\/phono.shop\/en\/wp-json\/wp\/v2\/product_brand?post=27541"},{"taxonomy":"product_cat","embeddable":true,"href":"https:\/\/phono.shop\/en\/wp-json\/wp\/v2\/product_cat?post=27541"},{"taxonomy":"product_tag","embeddable":true,"href":"https:\/\/phono.shop\/en\/wp-json\/wp\/v2\/product_tag?post=27541"}],"curies":[{"name":"wp","href":"https:\/\/api.w.org\/{rel}","templated":true}]}}