{"id":27768,"date":"2026-03-01T16:12:44","date_gmt":"2026-03-01T14:12:44","guid":{"rendered":"https:\/\/phono.shop\/?post_type=product&#038;p=27768"},"modified":"2026-03-21T14:16:58","modified_gmt":"2026-03-21T12:16:58","slug":"dziugas-sirvys-tarp-eiluciu","status":"publish","type":"product","link":"https:\/\/phono.shop\/en\/product\/dziugas-sirvys-tarp-eiluciu\/","title":{"rendered":"D\u017eiugas \u0160irvys &#8211; Tarp Eilu\u010di\u0173"},"content":{"rendered":"<p>D\u017eiugas \u0160irvys &#8211; Tarp Eilu\u010di\u0173<\/p>","protected":false},"excerpt":{"rendered":"<p>D\u017eiugas \u0160irvys &#8211; Tarp Eilu\u010di\u0173<\/p>","protected":false},"featured_media":27770,"template":"","meta":{"_acf_changed":false},"product_brand":[],"product_cat":[86,80,22],"product_tag":[],"class_list":{"0":"post-27768","1":"product","2":"type-product","3":"status-publish","4":"has-post-thumbnail","6":"product_cat-indie-electronic-must-have-ploksteles","7":"product_cat-lietuvos-atlikejai-must-have","8":"product_cat-visos-ploksteles","9":"product_shipping_class-mazas-svoris","11":"first","12":"instock","13":"taxable","14":"shipping-taxable","15":"purchasable","16":"product-type-simple"},"bundled_by":[],"bundle_stock_status":"instock","bundle_stock_quantity":12,"bundle_virtual":false,"bundle_layout":"","bundle_add_to_cart_form_location":"","bundle_editable_in_cart":false,"bundle_sold_individually_context":"","bundle_item_grouping":"","bundle_min_size":"","bundle_max_size":"","bundle_price":[],"bundled_items":[],"bundle_sell_ids":[],"acf":[],"_links":{"self":[{"href":"https:\/\/phono.shop\/en\/wp-json\/wp\/v2\/product\/27768","targetHints":{"allow":["GET"]}}],"collection":[{"href":"https:\/\/phono.shop\/en\/wp-json\/wp\/v2\/product"}],"about":[{"href":"https:\/\/phono.shop\/en\/wp-json\/wp\/v2\/types\/product"}],"wp:featuredmedia":[{"embeddable":true,"href":"https:\/\/phono.shop\/en\/wp-json\/wp\/v2\/media\/27770"}],"wp:attachment":[{"href":"https:\/\/phono.shop\/en\/wp-json\/wp\/v2\/media?parent=27768"}],"wp:term":[{"taxonomy":"product_brand","embeddable":true,"href":"https:\/\/phono.shop\/en\/wp-json\/wp\/v2\/product_brand?post=27768"},{"taxonomy":"product_cat","embeddable":true,"href":"https:\/\/phono.shop\/en\/wp-json\/wp\/v2\/product_cat?post=27768"},{"taxonomy":"product_tag","embeddable":true,"href":"https:\/\/phono.shop\/en\/wp-json\/wp\/v2\/product_tag?post=27768"}],"curies":[{"name":"wp","href":"https:\/\/api.w.org\/{rel}","templated":true}]}}