{"id":28069,"date":"2026-02-14T13:12:43","date_gmt":"2026-02-14T11:12:43","guid":{"rendered":"https:\/\/phono.shop\/?post_type=product&#038;p=28069"},"modified":"2026-04-22T16:38:05","modified_gmt":"2026-04-22T14:38:05","slug":"lekste-i-love-food-kopija","status":"publish","type":"product","link":"https:\/\/phono.shop\/en\/product\/lekste-i-love-food-kopija\/","title":{"rendered":"L\u0117k\u0161t\u0117 &#8211; I love food | Round"},"content":{"rendered":"<p>L\u0117k\u0161t\u0117 &#8211; I love food<\/p>","protected":false},"excerpt":{"rendered":"<p>L\u0117k\u0161t\u0117 &#8211; I love food<\/p>","protected":false},"featured_media":28269,"template":"","meta":{"_acf_changed":false},"product_brand":[],"product_cat":[371,108],"product_tag":[],"class_list":{"0":"post-28069","1":"product","2":"type-product","3":"status-publish","4":"has-post-thumbnail","6":"product_cat-stalo-kultura","7":"product_cat-namams","8":"product_shipping_class-mazas-svoris","10":"first","11":"instock","12":"taxable","13":"shipping-taxable","14":"purchasable","15":"product-type-simple"},"bundled_by":[],"bundle_stock_status":"instock","bundle_stock_quantity":1,"bundle_virtual":false,"bundle_layout":"","bundle_add_to_cart_form_location":"","bundle_editable_in_cart":false,"bundle_sold_individually_context":"","bundle_item_grouping":"","bundle_min_size":"","bundle_max_size":"","bundle_price":[],"bundled_items":[],"bundle_sell_ids":[],"acf":[],"_links":{"self":[{"href":"https:\/\/phono.shop\/en\/wp-json\/wp\/v2\/product\/28069","targetHints":{"allow":["GET"]}}],"collection":[{"href":"https:\/\/phono.shop\/en\/wp-json\/wp\/v2\/product"}],"about":[{"href":"https:\/\/phono.shop\/en\/wp-json\/wp\/v2\/types\/product"}],"wp:featuredmedia":[{"embeddable":true,"href":"https:\/\/phono.shop\/en\/wp-json\/wp\/v2\/media\/28269"}],"wp:attachment":[{"href":"https:\/\/phono.shop\/en\/wp-json\/wp\/v2\/media?parent=28069"}],"wp:term":[{"taxonomy":"product_brand","embeddable":true,"href":"https:\/\/phono.shop\/en\/wp-json\/wp\/v2\/product_brand?post=28069"},{"taxonomy":"product_cat","embeddable":true,"href":"https:\/\/phono.shop\/en\/wp-json\/wp\/v2\/product_cat?post=28069"},{"taxonomy":"product_tag","embeddable":true,"href":"https:\/\/phono.shop\/en\/wp-json\/wp\/v2\/product_tag?post=28069"}],"curies":[{"name":"wp","href":"https:\/\/api.w.org\/{rel}","templated":true}]}}