{"id":28316,"date":"2026-04-03T12:29:03","date_gmt":"2026-04-03T10:29:03","guid":{"rendered":"https:\/\/phono.shop\/?post_type=product&#038;p=28316"},"modified":"2026-04-03T12:30:33","modified_gmt":"2026-04-03T10:30:33","slug":"pro-ject-juke-box-e-phono-klipsch-r-40m","status":"publish","type":"product","link":"https:\/\/phono.shop\/en\/product\/pro-ject-juke-box-e-phono-klipsch-r-40m\/","title":{"rendered":"Pro-Ject Juke Box E Phono + Klipsch R-40M"},"content":{"rendered":"<p>Pro-Ject Juke Box E Phono + Klipsch R-40M pasyvi\u0173 kolon\u0117li\u0173 ir patefono su stiprintuvu Hi-Fi komplektas<\/p>","protected":false},"excerpt":{"rendered":"<p>Pro-Ject Juke Box E Phono + Klipsch R-40M pasyvi\u0173 kolon\u0117li\u0173 ir patefono su stiprintuvu Hi-Fi komplektas<\/p>","protected":false},"featured_media":28317,"template":"","meta":{"_acf_changed":false},"product_brand":[],"product_cat":[21,370,106],"product_tag":[],"class_list":{"0":"post-28316","1":"product","2":"type-product","3":"status-publish","4":"has-post-thumbnail","6":"product_cat-visi-patefonai","7":"product_cat-patefonai_su_kolonelemis","8":"product_cat-pro-ject","9":"product_shipping_class-didelis-svoris","11":"first","12":"instock","13":"virtual","14":"taxable","15":"purchasable","16":"product-type-bundle"},"bundled_by":[],"bundle_stock_status":"instock","bundle_stock_quantity":1,"bundle_virtual":false,"bundle_layout":"default","bundle_add_to_cart_form_location":"default","bundle_editable_in_cart":false,"bundle_sold_individually_context":"product","bundle_item_grouping":"parent","bundle_min_size":"","bundle_max_size":"","bundle_price":{"price":{"min":{"incl_tax":"770","excl_tax":"636.36"},"max":{"incl_tax":"770","excl_tax":"636.36"}},"regular_price":{"min":{"incl_tax":"790","excl_tax":"652.89"},"max":{"incl_tax":"790","excl_tax":"652.89"}}},"bundled_items":[{"bundled_item_id":25,"product_id":28315,"menu_order":0,"quantity_min":1,"quantity_max":1,"quantity_default":1,"priced_individually":true,"shipped_individually":false,"override_title":false,"title":"KLIPSCH R-40M","override_description":false,"description":"","optional":false,"hide_thumbnail":false,"discount":"","override_variations":false,"allowed_variations":[],"override_default_variation_attributes":false,"default_variation_attributes":[],"single_product_visibility":"visible","cart_visibility":"visible","order_visibility":"visible","single_product_price_visibility":"visible","cart_price_visibility":"visible","order_price_visibility":"visible","stock_status":"in_stock"},{"bundled_item_id":26,"product_id":17293,"menu_order":1,"quantity_min":1,"quantity_max":1,"quantity_default":1,"priced_individually":true,"shipped_individually":false,"override_title":false,"title":"Pro-Ject Jukebox E | Phono","override_description":false,"description":"","optional":false,"hide_thumbnail":false,"discount":"","override_variations":false,"allowed_variations":[],"override_default_variation_attributes":false,"default_variation_attributes":[],"single_product_visibility":"visible","cart_visibility":"visible","order_visibility":"visible","single_product_price_visibility":"visible","cart_price_visibility":"visible","order_price_visibility":"visible","stock_status":"in_stock"}],"bundle_sell_ids":[],"acf":[],"_links":{"self":[{"href":"https:\/\/phono.shop\/en\/wp-json\/wp\/v2\/product\/28316","targetHints":{"allow":["GET"]}}],"collection":[{"href":"https:\/\/phono.shop\/en\/wp-json\/wp\/v2\/product"}],"about":[{"href":"https:\/\/phono.shop\/en\/wp-json\/wp\/v2\/types\/product"}],"wp:featuredmedia":[{"embeddable":true,"href":"https:\/\/phono.shop\/en\/wp-json\/wp\/v2\/media\/28317"}],"wp:attachment":[{"href":"https:\/\/phono.shop\/en\/wp-json\/wp\/v2\/media?parent=28316"}],"wp:term":[{"taxonomy":"product_brand","embeddable":true,"href":"https:\/\/phono.shop\/en\/wp-json\/wp\/v2\/product_brand?post=28316"},{"taxonomy":"product_cat","embeddable":true,"href":"https:\/\/phono.shop\/en\/wp-json\/wp\/v2\/product_cat?post=28316"},{"taxonomy":"product_tag","embeddable":true,"href":"https:\/\/phono.shop\/en\/wp-json\/wp\/v2\/product_tag?post=28316"}],"curies":[{"name":"wp","href":"https:\/\/api.w.org\/{rel}","templated":true}]}}