{"id":28429,"date":"2026-04-13T17:25:26","date_gmt":"2026-04-13T15:25:26","guid":{"rendered":"https:\/\/phono.shop\/product\/regarding-cocktails\/"},"modified":"2026-04-13T17:25:27","modified_gmt":"2026-04-13T15:25:27","slug":"regarding-cocktails","status":"publish","type":"product","link":"https:\/\/phono.shop\/en\/product\/regarding-cocktails\/","title":{"rendered":"Regarding Cocktails"},"content":{"rendered":"<p>\u201eRegarding Cocktails\u201c yra vienintel\u0117 legendinio barmeno Sasha Petraske knyga, atskleid\u017eianti \u0161iuolaikin\u0117s kokteili\u0173 kult\u016bros pagrindus.<\/p>\n<p>Knygoje pateikiami 85 receptai \u2013 nuo klasikini\u0173 iki \u0161iuolaikini\u0173 variacij\u0173. Jie papildyti istorijomis, \u012f\u017evalgomis ir ai\u0161kiais nurodymais, padedan\u010diais suprasti ne tik recept\u0105, bet ir jo logik\u0105.<\/p>\n<p>Leidinys i\u0161siskiria prakti\u0161ku pateikimu: ingredientai, proporcijos ir gaminimo eiga perteikiami ai\u0161kiai, tod\u0117l kokteilius lengva ruo\u0161ti ir namuose. Tai ne tik recept\u0173 rinkinys, bet ir po\u017ei\u016bris \u012f kokteili\u0173 kult\u016br\u0105, baro estetik\u0105 ir laikui nepavald\u0173 skoni\u0173 balans\u0105.<\/p>","protected":false},"excerpt":{"rendered":"<p>\u201eRegarding Cocktails\u201c yra vienintel\u0117 legendinio barmeno Sasha Petraske knyga, atskleid\u017eianti \u0161iuolaikin\u0117s kokteili\u0173 kult\u016bros pagrindus. Knygoje pateikiami 85 receptai \u2013 nuo klasikini\u0173 iki \u0161iuolaikini\u0173 variacij\u0173. Jie papildyti istorijomis, \u012f\u017evalgomis ir ai\u0161kiais nurodymais, padedan\u010diais suprasti ne tik recept\u0105, bet ir jo logik\u0105. Leidinys i\u0161siskiria prakti\u0161ku pateikimu: ingredientai, proporcijos ir gaminimo eiga perteikiami ai\u0161kiai, tod\u0117l kokteilius lengva ruo\u0161ti &hellip; <a href=\"https:\/\/phono.shop\/en\/product\/regarding-cocktails\/\">Continued<\/a><\/p>","protected":false},"featured_media":28452,"template":"","meta":{"_acf_changed":false},"product_brand":[],"product_cat":[134,324],"product_tag":[330],"class_list":{"0":"post-28429","1":"product","2":"type-product","3":"status-publish","4":"has-post-thumbnail","6":"product_cat-knygos","7":"product_cat-phaidon","8":"product_tag-phaidon","9":"product_shipping_class-mazas-svoris","11":"first","12":"instock","13":"taxable","14":"shipping-taxable","15":"purchasable","16":"product-type-simple"},"bundled_by":[],"bundle_stock_status":"instock","bundle_stock_quantity":6,"bundle_virtual":false,"bundle_layout":"","bundle_add_to_cart_form_location":"","bundle_editable_in_cart":false,"bundle_sold_individually_context":"","bundle_item_grouping":"","bundle_min_size":"","bundle_max_size":"","bundle_price":[],"bundled_items":[],"bundle_sell_ids":[],"acf":[],"_links":{"self":[{"href":"https:\/\/phono.shop\/en\/wp-json\/wp\/v2\/product\/28429","targetHints":{"allow":["GET"]}}],"collection":[{"href":"https:\/\/phono.shop\/en\/wp-json\/wp\/v2\/product"}],"about":[{"href":"https:\/\/phono.shop\/en\/wp-json\/wp\/v2\/types\/product"}],"wp:featuredmedia":[{"embeddable":true,"href":"https:\/\/phono.shop\/en\/wp-json\/wp\/v2\/media\/28452"}],"wp:attachment":[{"href":"https:\/\/phono.shop\/en\/wp-json\/wp\/v2\/media?parent=28429"}],"wp:term":[{"taxonomy":"product_brand","embeddable":true,"href":"https:\/\/phono.shop\/en\/wp-json\/wp\/v2\/product_brand?post=28429"},{"taxonomy":"product_cat","embeddable":true,"href":"https:\/\/phono.shop\/en\/wp-json\/wp\/v2\/product_cat?post=28429"},{"taxonomy":"product_tag","embeddable":true,"href":"https:\/\/phono.shop\/en\/wp-json\/wp\/v2\/product_tag?post=28429"}],"curies":[{"name":"wp","href":"https:\/\/api.w.org\/{rel}","templated":true}]}}