{"id":28430,"date":"2026-04-13T17:25:25","date_gmt":"2026-04-13T15:25:25","guid":{"rendered":"https:\/\/phono.shop\/product\/rappers-deluxe-how-hip-hop-made-the-world\/"},"modified":"2026-04-13T17:25:26","modified_gmt":"2026-04-13T15:25:26","slug":"rappers-deluxe-how-hip-hop-made-the-world","status":"publish","type":"product","link":"https:\/\/phono.shop\/en\/product\/rappers-deluxe-how-hip-hop-made-the-world\/","title":{"rendered":"Rapper\u2019s Deluxe: How Hip Hop Made The World"},"content":{"rendered":"<p>\u201eRapper\u2019s Deluxe: How Hip Hop Made The World\u201c yra vizualin\u0117 ir kult\u016brin\u0117 hiphopo istorija, sekanti jo keli\u0105 nuo pogrind\u017eio iki pasaulin\u0117s \u012ftakos.<\/p>\n<p>Autorius Dr. Todd Boyd nagrin\u0117ja, kaip hiphopas per\u017eeng\u0117 muzikos ribas ir tapo reik\u0161minga kult\u016brine j\u0117ga, formavusia mad\u0105, men\u0105, kin\u0105, sport\u0105, kalb\u0105 ir politik\u0105.<\/p>\n<p>Knygoje gausiai naudojamos fotografijos, archyviniai vaizdai, album\u0173 vir\u0161eliai ir kiti vizualiniai artefaktai, kuriantys i\u0161sam\u0173 pasakojim\u0105 apie kult\u016br\u0105, pakeitusi\u0105 \u0161iuolaikin\u012f pasaul\u012f.<\/p>","protected":false},"excerpt":{"rendered":"<p>\u201eRapper\u2019s Deluxe: How Hip Hop Made The World\u201c yra vizualin\u0117 ir kult\u016brin\u0117 hiphopo istorija, sekanti jo keli\u0105 nuo pogrind\u017eio iki pasaulin\u0117s \u012ftakos. Autorius Dr. Todd Boyd nagrin\u0117ja, kaip hiphopas per\u017eeng\u0117 muzikos ribas ir tapo reik\u0161minga kult\u016brine j\u0117ga, formavusia mad\u0105, men\u0105, kin\u0105, sport\u0105, kalb\u0105 ir politik\u0105. Knygoje gausiai naudojamos fotografijos, archyviniai vaizdai, album\u0173 vir\u0161eliai ir kiti &hellip; <a href=\"https:\/\/phono.shop\/en\/product\/rappers-deluxe-how-hip-hop-made-the-world\/\">Continued<\/a><\/p>","protected":false},"featured_media":28453,"template":"","meta":{"_acf_changed":false},"product_brand":[],"product_cat":[134,324,15],"product_tag":[330],"class_list":{"0":"post-28430","1":"product","2":"type-product","3":"status-publish","4":"has-post-thumbnail","6":"product_cat-knygos","7":"product_cat-phaidon","8":"product_cat-uncategorized","9":"product_tag-phaidon","10":"product_shipping_class-mazas-svoris","12":"first","13":"instock","14":"taxable","15":"shipping-taxable","16":"purchasable","17":"product-type-simple"},"bundled_by":[],"bundle_stock_status":"instock","bundle_stock_quantity":2,"bundle_virtual":false,"bundle_layout":"","bundle_add_to_cart_form_location":"","bundle_editable_in_cart":false,"bundle_sold_individually_context":"","bundle_item_grouping":"","bundle_min_size":"","bundle_max_size":"","bundle_price":[],"bundled_items":[],"bundle_sell_ids":[],"acf":[],"_links":{"self":[{"href":"https:\/\/phono.shop\/en\/wp-json\/wp\/v2\/product\/28430","targetHints":{"allow":["GET"]}}],"collection":[{"href":"https:\/\/phono.shop\/en\/wp-json\/wp\/v2\/product"}],"about":[{"href":"https:\/\/phono.shop\/en\/wp-json\/wp\/v2\/types\/product"}],"wp:featuredmedia":[{"embeddable":true,"href":"https:\/\/phono.shop\/en\/wp-json\/wp\/v2\/media\/28453"}],"wp:attachment":[{"href":"https:\/\/phono.shop\/en\/wp-json\/wp\/v2\/media?parent=28430"}],"wp:term":[{"taxonomy":"product_brand","embeddable":true,"href":"https:\/\/phono.shop\/en\/wp-json\/wp\/v2\/product_brand?post=28430"},{"taxonomy":"product_cat","embeddable":true,"href":"https:\/\/phono.shop\/en\/wp-json\/wp\/v2\/product_cat?post=28430"},{"taxonomy":"product_tag","embeddable":true,"href":"https:\/\/phono.shop\/en\/wp-json\/wp\/v2\/product_tag?post=28430"}],"curies":[{"name":"wp","href":"https:\/\/api.w.org\/{rel}","templated":true}]}}