{"id":28431,"date":"2026-04-13T17:25:10","date_gmt":"2026-04-13T15:25:10","guid":{"rendered":"https:\/\/phono.shop\/product\/the-design-book\/"},"modified":"2026-04-17T13:07:41","modified_gmt":"2026-04-17T11:07:41","slug":"the-design-book","status":"publish","type":"product","link":"https:\/\/phono.shop\/en\/product\/the-design-book\/","title":{"rendered":"The Design Book"},"content":{"rendered":"<p>\u201eThe Design Book\u201c \u2013 i\u0161samus dizaino objekt\u0173 rinkinys, apimantis daugiau nei 500 svarbiausi\u0173 k\u016brini\u0173 i\u0161 pastar\u0173j\u0173 penki\u0173 \u0161imtme\u010di\u0173.<\/p>\n<p>Knygoje pristatomi kasdieniai ir ikoniniai objektai \u2013 nuo s\u0105var\u017e\u0117l\u0117s iki Eames Lounge Chair \u2013 kurie formavo m\u016bs\u0173 aplink\u0105, estetik\u0105 ir gyvenimo b\u016bd\u0105.<\/p>\n<p>Kiekvienas objektas pateikiamas su vizualu ir trumpu paai\u0161kinimu apie dizainer\u012f, gamintoj\u0105, kontekst\u0105 ir reik\u0161m\u0119. Tai patikimas orientyras tiek dizaino entuziastams, tiek profesionalams.<\/p>","protected":false},"excerpt":{"rendered":"<p>\u201eThe Design Book\u201c \u2013 i\u0161samus dizaino objekt\u0173 rinkinys, apimantis daugiau nei 500 svarbiausi\u0173 k\u016brini\u0173 i\u0161 pastar\u0173j\u0173 penki\u0173 \u0161imtme\u010di\u0173. Knygoje pristatomi kasdieniai ir ikoniniai objektai \u2013 nuo s\u0105var\u017e\u0117l\u0117s iki Eames Lounge Chair \u2013 kurie formavo m\u016bs\u0173 aplink\u0105, estetik\u0105 ir gyvenimo b\u016bd\u0105. Kiekvienas objektas pateikiamas su vizualu ir trumpu paai\u0161kinimu apie dizainer\u012f, gamintoj\u0105, kontekst\u0105 ir reik\u0161m\u0119. Tai &hellip; <a href=\"https:\/\/phono.shop\/en\/product\/the-design-book\/\">Continued<\/a><\/p>","protected":false},"featured_media":28470,"template":"","meta":{"_acf_changed":false},"product_brand":[],"product_cat":[134,324],"product_tag":[330],"class_list":{"0":"post-28431","1":"product","2":"type-product","3":"status-publish","4":"has-post-thumbnail","6":"product_cat-knygos","7":"product_cat-phaidon","8":"product_tag-phaidon","9":"product_shipping_class-mazas-svoris","11":"first","12":"instock","13":"taxable","14":"shipping-taxable","15":"purchasable","16":"product-type-simple"},"bundled_by":[],"bundle_stock_status":"instock","bundle_stock_quantity":3,"bundle_virtual":false,"bundle_layout":"","bundle_add_to_cart_form_location":"","bundle_editable_in_cart":false,"bundle_sold_individually_context":"","bundle_item_grouping":"","bundle_min_size":"","bundle_max_size":"","bundle_price":[],"bundled_items":[],"bundle_sell_ids":[],"acf":[],"_links":{"self":[{"href":"https:\/\/phono.shop\/en\/wp-json\/wp\/v2\/product\/28431","targetHints":{"allow":["GET"]}}],"collection":[{"href":"https:\/\/phono.shop\/en\/wp-json\/wp\/v2\/product"}],"about":[{"href":"https:\/\/phono.shop\/en\/wp-json\/wp\/v2\/types\/product"}],"wp:featuredmedia":[{"embeddable":true,"href":"https:\/\/phono.shop\/en\/wp-json\/wp\/v2\/media\/28470"}],"wp:attachment":[{"href":"https:\/\/phono.shop\/en\/wp-json\/wp\/v2\/media?parent=28431"}],"wp:term":[{"taxonomy":"product_brand","embeddable":true,"href":"https:\/\/phono.shop\/en\/wp-json\/wp\/v2\/product_brand?post=28431"},{"taxonomy":"product_cat","embeddable":true,"href":"https:\/\/phono.shop\/en\/wp-json\/wp\/v2\/product_cat?post=28431"},{"taxonomy":"product_tag","embeddable":true,"href":"https:\/\/phono.shop\/en\/wp-json\/wp\/v2\/product_tag?post=28431"}],"curies":[{"name":"wp","href":"https:\/\/api.w.org\/{rel}","templated":true}]}}