{"id":28432,"date":"2026-04-13T17:25:10","date_gmt":"2026-04-13T15:25:10","guid":{"rendered":"https:\/\/phono.shop\/product\/the-story-of-art-pocket-book\/"},"modified":"2026-05-07T14:52:45","modified_gmt":"2026-05-07T12:52:45","slug":"the-story-of-art-pocket-book","status":"publish","type":"product","link":"https:\/\/phono.shop\/en\/product\/the-story-of-art-pocket-book\/","title":{"rendered":"The Story of Art"},"content":{"rendered":"<p>\u201eThe Story of Art\u201c \u2013 viena svarbiausi\u0173 meno istorijos knyg\u0173, para\u0161yta E. H. Gombrich. Tai ai\u0161kus ir nuoseklus pasakojimas apie meno raid\u0105 nuo pirm\u0173j\u0173 urv\u0173 pie\u0161ini\u0173 iki moderni\u0173j\u0173 laik\u0173.<\/p>\n<p>Knyga vertinama d\u0117l paprastos, suprantamos kalbos ir geb\u0117jimo sud\u0117tingus meno istorijos procesus perteikti lengvai bei \u012ftaigiai.<\/p>\n<p>Pocket formato leidimas i\u0161laiko original\u0173 turin\u012f, ta\u010diau pateikiamas kompakti\u0161kesniu, patogiu dyd\u017eiu. Tai klasikinis leidinys, tinkantis tiek pradedan\u010diajam skaitytojui, tiek norin\u010diam tur\u0117ti svarb\u0173 meno istorijos tekst\u0105 patogiu formatu.<\/p>","protected":false},"excerpt":{"rendered":"<p>\u201eThe Story of Art\u201c \u2013 viena svarbiausi\u0173 meno istorijos knyg\u0173, para\u0161yta E. H. Gombrich. Tai ai\u0161kus ir nuoseklus pasakojimas apie meno raid\u0105 nuo pirm\u0173j\u0173 urv\u0173 pie\u0161ini\u0173 iki moderni\u0173j\u0173 laik\u0173. Knyga vertinama d\u0117l paprastos, suprantamos kalbos ir geb\u0117jimo sud\u0117tingus meno istorijos procesus perteikti lengvai bei \u012ftaigiai. Pocket formato leidimas i\u0161laiko original\u0173 turin\u012f, ta\u010diau pateikiamas kompakti\u0161kesniu, patogiu &hellip; <a href=\"https:\/\/phono.shop\/en\/product\/the-story-of-art-pocket-book\/\">Continued<\/a><\/p>","protected":false},"featured_media":28476,"template":"","meta":{"_acf_changed":false},"product_brand":[],"product_cat":[134,324],"product_tag":[330],"class_list":{"0":"post-28432","1":"product","2":"type-product","3":"status-publish","4":"has-post-thumbnail","6":"product_cat-knygos","7":"product_cat-phaidon","8":"product_tag-phaidon","9":"product_shipping_class-mazas-svoris","11":"first","12":"instock","13":"taxable","14":"shipping-taxable","15":"purchasable","16":"product-type-simple"},"bundled_by":[],"bundle_stock_status":"instock","bundle_stock_quantity":2,"bundle_virtual":false,"bundle_layout":"","bundle_add_to_cart_form_location":"","bundle_editable_in_cart":false,"bundle_sold_individually_context":"","bundle_item_grouping":"","bundle_min_size":"","bundle_max_size":"","bundle_price":[],"bundled_items":[],"bundle_sell_ids":[],"acf":[],"_links":{"self":[{"href":"https:\/\/phono.shop\/en\/wp-json\/wp\/v2\/product\/28432","targetHints":{"allow":["GET"]}}],"collection":[{"href":"https:\/\/phono.shop\/en\/wp-json\/wp\/v2\/product"}],"about":[{"href":"https:\/\/phono.shop\/en\/wp-json\/wp\/v2\/types\/product"}],"wp:featuredmedia":[{"embeddable":true,"href":"https:\/\/phono.shop\/en\/wp-json\/wp\/v2\/media\/28476"}],"wp:attachment":[{"href":"https:\/\/phono.shop\/en\/wp-json\/wp\/v2\/media?parent=28432"}],"wp:term":[{"taxonomy":"product_brand","embeddable":true,"href":"https:\/\/phono.shop\/en\/wp-json\/wp\/v2\/product_brand?post=28432"},{"taxonomy":"product_cat","embeddable":true,"href":"https:\/\/phono.shop\/en\/wp-json\/wp\/v2\/product_cat?post=28432"},{"taxonomy":"product_tag","embeddable":true,"href":"https:\/\/phono.shop\/en\/wp-json\/wp\/v2\/product_tag?post=28432"}],"curies":[{"name":"wp","href":"https:\/\/api.w.org\/{rel}","templated":true}]}}