{"id":28433,"date":"2026-04-13T17:25:09","date_gmt":"2026-04-13T15:25:09","guid":{"rendered":"https:\/\/phono.shop\/product\/where-architects-sleep-the-most-stylish-hotels-in-the-world\/"},"modified":"2026-04-13T17:25:10","modified_gmt":"2026-04-13T15:25:10","slug":"where-architects-sleep-the-most-stylish-hotels-in-the-world","status":"publish","type":"product","link":"https:\/\/phono.shop\/en\/product\/where-architects-sleep-the-most-stylish-hotels-in-the-world\/","title":{"rendered":"Where Architects Sleep: The Most Stylish Hotels in the World"},"content":{"rendered":"<p>\u201eWhere Architects Sleep: The Most Stylish Hotels in the World\u201c \u2013 pasaulinis vie\u0161bu\u010di\u0173 gidas, sudarytas i\u0161 architekt\u0173 rekomendacij\u0173.<\/p>\n<p>Knygoje pateikiama daugiau nei 1200 viet\u0173 daugiau nei 100 \u0161ali\u0173 \u2013 nuo gerai \u017einom\u0173 vie\u0161bu\u010di\u0173 iki ma\u017eiau atrast\u0173, ta\u010diau i\u0161skirtini\u0173 objekt\u0173. Daugiau nei 250 architekt\u0173 dalijasi savo asmeniniais pasirinkimais, vertindami architekt\u016br\u0105, erdv\u0119 ir atmosfer\u0105.<\/p>\n<p>Tai prakti\u0161kas, ta\u010diau kartu ir \u012fkvepiantis leidinys tiems, kurie vertina dizain\u0105, keliones ir vietas su charakteriu.<\/p>","protected":false},"excerpt":{"rendered":"<p>\u201eWhere Architects Sleep: The Most Stylish Hotels in the World\u201c \u2013 pasaulinis vie\u0161bu\u010di\u0173 gidas, sudarytas i\u0161 architekt\u0173 rekomendacij\u0173. Knygoje pateikiama daugiau nei 1200 viet\u0173 daugiau nei 100 \u0161ali\u0173 \u2013 nuo gerai \u017einom\u0173 vie\u0161bu\u010di\u0173 iki ma\u017eiau atrast\u0173, ta\u010diau i\u0161skirtini\u0173 objekt\u0173. Daugiau nei 250 architekt\u0173 dalijasi savo asmeniniais pasirinkimais, vertindami architekt\u016br\u0105, erdv\u0119 ir atmosfer\u0105. Tai prakti\u0161kas, ta\u010diau &hellip; <a href=\"https:\/\/phono.shop\/en\/product\/where-architects-sleep-the-most-stylish-hotels-in-the-world\/\">Continued<\/a><\/p>","protected":false},"featured_media":28487,"template":"","meta":{"_acf_changed":false},"product_brand":[],"product_cat":[134,324],"product_tag":[330],"class_list":{"0":"post-28433","1":"product","2":"type-product","3":"status-publish","4":"has-post-thumbnail","6":"product_cat-knygos","7":"product_cat-phaidon","8":"product_tag-phaidon","9":"product_shipping_class-mazas-svoris","11":"first","12":"instock","13":"taxable","14":"shipping-taxable","15":"purchasable","16":"product-type-simple"},"bundled_by":[],"bundle_stock_status":"instock","bundle_stock_quantity":2,"bundle_virtual":false,"bundle_layout":"","bundle_add_to_cart_form_location":"","bundle_editable_in_cart":false,"bundle_sold_individually_context":"","bundle_item_grouping":"","bundle_min_size":"","bundle_max_size":"","bundle_price":[],"bundled_items":[],"bundle_sell_ids":[],"acf":[],"_links":{"self":[{"href":"https:\/\/phono.shop\/en\/wp-json\/wp\/v2\/product\/28433","targetHints":{"allow":["GET"]}}],"collection":[{"href":"https:\/\/phono.shop\/en\/wp-json\/wp\/v2\/product"}],"about":[{"href":"https:\/\/phono.shop\/en\/wp-json\/wp\/v2\/types\/product"}],"wp:featuredmedia":[{"embeddable":true,"href":"https:\/\/phono.shop\/en\/wp-json\/wp\/v2\/media\/28487"}],"wp:attachment":[{"href":"https:\/\/phono.shop\/en\/wp-json\/wp\/v2\/media?parent=28433"}],"wp:term":[{"taxonomy":"product_brand","embeddable":true,"href":"https:\/\/phono.shop\/en\/wp-json\/wp\/v2\/product_brand?post=28433"},{"taxonomy":"product_cat","embeddable":true,"href":"https:\/\/phono.shop\/en\/wp-json\/wp\/v2\/product_cat?post=28433"},{"taxonomy":"product_tag","embeddable":true,"href":"https:\/\/phono.shop\/en\/wp-json\/wp\/v2\/product_tag?post=28433"}],"curies":[{"name":"wp","href":"https:\/\/api.w.org\/{rel}","templated":true}]}}