{"id":28434,"date":"2026-04-13T17:25:03","date_gmt":"2026-04-13T15:25:03","guid":{"rendered":"https:\/\/phono.shop\/product\/persian-feasts-recipes-stories-from-a-family-table\/"},"modified":"2026-04-13T17:25:08","modified_gmt":"2026-04-13T15:25:08","slug":"persian-feasts-recipes-stories-from-a-family-table","status":"publish","type":"product","link":"https:\/\/phono.shop\/en\/product\/persian-feasts-recipes-stories-from-a-family-table\/","title":{"rendered":"Persian Feasts: Recipes &#038; Stories from a Family Table"},"content":{"rendered":"<p>\u201ePersian Feasts: Recipes &amp; Stories from a Family Table\u201c jungia daugiau nei 100 persi\u0161k\u0173 nam\u0173 virtuv\u0117s recept\u0173 su \u0161eimos istorijomis ir kult\u016briniais pasakojimais.<\/p>\n<p>Knygoje atsiskleid\u017eia Irano kulinarinis paveldas \u2013 nuo sodri\u0173 tro\u0161kini\u0173 ir \u0161afranu pagardint\u0173 ry\u017ei\u0173 iki kebab\u0173 ir ro\u017ei\u0173 vandens desert\u0173. Kiekvienas receptas perteikia ne tik skon\u012f, bet ir tradicij\u0105.<\/p>\n<p>Leidinys kvie\u010dia pa\u017einti persi\u0161k\u0105 virtuv\u0119 kaip kult\u016bros dal\u012f ir sujungia receptus, atmint\u012f bei kasdien\u0119 \u0161eimos stalo atmosfer\u0105.<\/p>","protected":false},"excerpt":{"rendered":"<p>\u201ePersian Feasts: Recipes &amp; Stories from a Family Table\u201c jungia daugiau nei 100 persi\u0161k\u0173 nam\u0173 virtuv\u0117s recept\u0173 su \u0161eimos istorijomis ir kult\u016briniais pasakojimais. Knygoje atsiskleid\u017eia Irano kulinarinis paveldas \u2013 nuo sodri\u0173 tro\u0161kini\u0173 ir \u0161afranu pagardint\u0173 ry\u017ei\u0173 iki kebab\u0173 ir ro\u017ei\u0173 vandens desert\u0173. Kiekvienas receptas perteikia ne tik skon\u012f, bet ir tradicij\u0105. Leidinys kvie\u010dia pa\u017einti persi\u0161k\u0105 &hellip; <a href=\"https:\/\/phono.shop\/en\/product\/persian-feasts-recipes-stories-from-a-family-table\/\">Continued<\/a><\/p>","protected":false},"featured_media":28504,"template":"","meta":{"_acf_changed":false},"product_brand":[],"product_cat":[134,324],"product_tag":[330],"class_list":{"0":"post-28434","1":"product","2":"type-product","3":"status-publish","4":"has-post-thumbnail","6":"product_cat-knygos","7":"product_cat-phaidon","8":"product_tag-phaidon","9":"product_shipping_class-mazas-svoris","11":"first","12":"instock","13":"taxable","14":"shipping-taxable","15":"purchasable","16":"product-type-simple"},"bundled_by":[],"bundle_stock_status":"instock","bundle_stock_quantity":2,"bundle_virtual":false,"bundle_layout":"","bundle_add_to_cart_form_location":"","bundle_editable_in_cart":false,"bundle_sold_individually_context":"","bundle_item_grouping":"","bundle_min_size":"","bundle_max_size":"","bundle_price":[],"bundled_items":[],"bundle_sell_ids":[],"acf":[],"_links":{"self":[{"href":"https:\/\/phono.shop\/en\/wp-json\/wp\/v2\/product\/28434","targetHints":{"allow":["GET"]}}],"collection":[{"href":"https:\/\/phono.shop\/en\/wp-json\/wp\/v2\/product"}],"about":[{"href":"https:\/\/phono.shop\/en\/wp-json\/wp\/v2\/types\/product"}],"wp:featuredmedia":[{"embeddable":true,"href":"https:\/\/phono.shop\/en\/wp-json\/wp\/v2\/media\/28504"}],"wp:attachment":[{"href":"https:\/\/phono.shop\/en\/wp-json\/wp\/v2\/media?parent=28434"}],"wp:term":[{"taxonomy":"product_brand","embeddable":true,"href":"https:\/\/phono.shop\/en\/wp-json\/wp\/v2\/product_brand?post=28434"},{"taxonomy":"product_cat","embeddable":true,"href":"https:\/\/phono.shop\/en\/wp-json\/wp\/v2\/product_cat?post=28434"},{"taxonomy":"product_tag","embeddable":true,"href":"https:\/\/phono.shop\/en\/wp-json\/wp\/v2\/product_tag?post=28434"}],"curies":[{"name":"wp","href":"https:\/\/api.w.org\/{rel}","templated":true}]}}