{"id":28435,"date":"2026-04-13T17:25:08","date_gmt":"2026-04-13T15:25:08","guid":{"rendered":"https:\/\/phono.shop\/product\/the-vegan-kitchen\/"},"modified":"2026-04-13T17:25:09","modified_gmt":"2026-04-13T15:25:09","slug":"the-vegan-kitchen","status":"publish","type":"product","link":"https:\/\/phono.shop\/en\/product\/the-vegan-kitchen\/","title":{"rendered":"The Vegan Kitchen"},"content":{"rendered":"<p>\u201eThe Vegan Kitchen\u201c \u2013 augalin\u0117s virtuv\u0117s recept\u0173 rinkinys, kvie\u010diantis pa\u017einti skirting\u0173 pasaulio \u0161ali\u0173 skonius ir gaminimo b\u016bdus.<\/p>\n<p>Knygoje pateikiami 75 receptai, atrinkti i\u0161 autoriaus Jean-Christian Jury leidinio \u201eVegan: The Cookbook\u201c. Receptai apima u\u017ekand\u017eius, sriubas, pagrindinius patiekalus ir desertus.<\/p>\n<p>Leidinys i\u0161siskiria ai\u0161kia strukt\u016bra ir lengvai suprantamais nurodymais, tod\u0117l tinka tiek pradedantiems, tiek jau pa\u017eengusiems. Tai patogi kasdienio naudojimo knyga, \u012f kasdien\u0119 virtuv\u0119 \u012fne\u0161anti daugiau \u012fvairov\u0117s.<\/p>","protected":false},"excerpt":{"rendered":"<p>\u201eThe Vegan Kitchen\u201c \u2013 augalin\u0117s virtuv\u0117s recept\u0173 rinkinys, kvie\u010diantis pa\u017einti skirting\u0173 pasaulio \u0161ali\u0173 skonius ir gaminimo b\u016bdus. Knygoje pateikiami 75 receptai, atrinkti i\u0161 autoriaus Jean-Christian Jury leidinio \u201eVegan: The Cookbook\u201c. Receptai apima u\u017ekand\u017eius, sriubas, pagrindinius patiekalus ir desertus. Leidinys i\u0161siskiria ai\u0161kia strukt\u016bra ir lengvai suprantamais nurodymais, tod\u0117l tinka tiek pradedantiems, tiek jau pa\u017eengusiems. Tai patogi &hellip; <a href=\"https:\/\/phono.shop\/en\/product\/the-vegan-kitchen\/\">Continued<\/a><\/p>","protected":false},"featured_media":28495,"template":"","meta":{"_acf_changed":false},"product_brand":[],"product_cat":[134,324],"product_tag":[330],"class_list":{"0":"post-28435","1":"product","2":"type-product","3":"status-publish","4":"has-post-thumbnail","6":"product_cat-knygos","7":"product_cat-phaidon","8":"product_tag-phaidon","9":"product_shipping_class-mazas-svoris","11":"first","12":"instock","13":"taxable","14":"shipping-taxable","15":"purchasable","16":"product-type-simple"},"bundled_by":[],"bundle_stock_status":"instock","bundle_stock_quantity":2,"bundle_virtual":false,"bundle_layout":"","bundle_add_to_cart_form_location":"","bundle_editable_in_cart":false,"bundle_sold_individually_context":"","bundle_item_grouping":"","bundle_min_size":"","bundle_max_size":"","bundle_price":[],"bundled_items":[],"bundle_sell_ids":[],"acf":[],"_links":{"self":[{"href":"https:\/\/phono.shop\/en\/wp-json\/wp\/v2\/product\/28435","targetHints":{"allow":["GET"]}}],"collection":[{"href":"https:\/\/phono.shop\/en\/wp-json\/wp\/v2\/product"}],"about":[{"href":"https:\/\/phono.shop\/en\/wp-json\/wp\/v2\/types\/product"}],"wp:featuredmedia":[{"embeddable":true,"href":"https:\/\/phono.shop\/en\/wp-json\/wp\/v2\/media\/28495"}],"wp:attachment":[{"href":"https:\/\/phono.shop\/en\/wp-json\/wp\/v2\/media?parent=28435"}],"wp:term":[{"taxonomy":"product_brand","embeddable":true,"href":"https:\/\/phono.shop\/en\/wp-json\/wp\/v2\/product_brand?post=28435"},{"taxonomy":"product_cat","embeddable":true,"href":"https:\/\/phono.shop\/en\/wp-json\/wp\/v2\/product_cat?post=28435"},{"taxonomy":"product_tag","embeddable":true,"href":"https:\/\/phono.shop\/en\/wp-json\/wp\/v2\/product_tag?post=28435"}],"curies":[{"name":"wp","href":"https:\/\/api.w.org\/{rel}","templated":true}]}}