{"id":28436,"date":"2026-04-13T17:25:02","date_gmt":"2026-04-13T15:25:02","guid":{"rendered":"https:\/\/phono.shop\/product\/one-pot-100-simple-recipes-to-cook-together\/"},"modified":"2026-04-22T15:15:59","modified_gmt":"2026-04-22T13:15:59","slug":"one-pot-100-simple-recipes-to-cook-together","status":"publish","type":"product","link":"https:\/\/phono.shop\/en\/product\/one-pot-100-simple-recipes-to-cook-together\/","title":{"rendered":"One Pot: 100 Simple Recipes to Cook Together"},"content":{"rendered":"<p>\u201eOne Pot: 100 Simple Recipes to Cook Together\u201c \u2013 prakti\u0161ka kulinarin\u0117 knyga, skirta paprastam ir patogiam gaminimui viename inde.<\/p>\n<p>Autor\u0117 Amandine Bernardi pateikia 100 recept\u0173, \u012fkv\u0117pt\u0173 skirting\u0173 pasaulio virtuvi\u0173 \u2013 nuo kasdieni\u0173 patiekal\u0173 iki sodresni\u0173 vakarieni\u0173. Knygos esm\u0117 \u2013 minimalus procesas ir maksimalus skonis.<\/p>\n<p>Visi patiekalai ruo\u0161iami viename puode ar tro\u0161kintuve, tod\u0117l suma\u017e\u0117ja pasiruo\u0161imo laikas ir tvarkymas po gaminimo. Tai patogi knyga kasdieniam naudojimui nam\u0173 virtuv\u0117je.<\/p>","protected":false},"excerpt":{"rendered":"<p>\u201eOne Pot: 100 Simple Recipes to Cook Together\u201c \u2013 prakti\u0161ka kulinarin\u0117 knyga, skirta paprastam ir patogiam gaminimui viename inde. Autor\u0117 Amandine Bernardi pateikia 100 recept\u0173, \u012fkv\u0117pt\u0173 skirting\u0173 pasaulio virtuvi\u0173 \u2013 nuo kasdieni\u0173 patiekal\u0173 iki sodresni\u0173 vakarieni\u0173. Knygos esm\u0117 \u2013 minimalus procesas ir maksimalus skonis. Visi patiekalai ruo\u0161iami viename puode ar tro\u0161kintuve, tod\u0117l suma\u017e\u0117ja pasiruo\u0161imo laikas &hellip; <a href=\"https:\/\/phono.shop\/en\/product\/one-pot-100-simple-recipes-to-cook-together\/\">Continued<\/a><\/p>","protected":false},"featured_media":28515,"template":"","meta":{"_acf_changed":false},"product_brand":[],"product_cat":[134,324],"product_tag":[330],"class_list":{"0":"post-28436","1":"product","2":"type-product","3":"status-publish","4":"has-post-thumbnail","6":"product_cat-knygos","7":"product_cat-phaidon","8":"product_tag-phaidon","9":"product_shipping_class-mazas-svoris","11":"first","12":"instock","13":"taxable","14":"shipping-taxable","15":"purchasable","16":"product-type-simple"},"bundled_by":[],"bundle_stock_status":"instock","bundle_stock_quantity":5,"bundle_virtual":false,"bundle_layout":"","bundle_add_to_cart_form_location":"","bundle_editable_in_cart":false,"bundle_sold_individually_context":"","bundle_item_grouping":"","bundle_min_size":"","bundle_max_size":"","bundle_price":[],"bundled_items":[],"bundle_sell_ids":[],"acf":[],"_links":{"self":[{"href":"https:\/\/phono.shop\/en\/wp-json\/wp\/v2\/product\/28436","targetHints":{"allow":["GET"]}}],"collection":[{"href":"https:\/\/phono.shop\/en\/wp-json\/wp\/v2\/product"}],"about":[{"href":"https:\/\/phono.shop\/en\/wp-json\/wp\/v2\/types\/product"}],"wp:featuredmedia":[{"embeddable":true,"href":"https:\/\/phono.shop\/en\/wp-json\/wp\/v2\/media\/28515"}],"wp:attachment":[{"href":"https:\/\/phono.shop\/en\/wp-json\/wp\/v2\/media?parent=28436"}],"wp:term":[{"taxonomy":"product_brand","embeddable":true,"href":"https:\/\/phono.shop\/en\/wp-json\/wp\/v2\/product_brand?post=28436"},{"taxonomy":"product_cat","embeddable":true,"href":"https:\/\/phono.shop\/en\/wp-json\/wp\/v2\/product_cat?post=28436"},{"taxonomy":"product_tag","embeddable":true,"href":"https:\/\/phono.shop\/en\/wp-json\/wp\/v2\/product_tag?post=28436"}],"curies":[{"name":"wp","href":"https:\/\/api.w.org\/{rel}","templated":true}]}}