{"id":28437,"date":"2026-04-13T17:25:02","date_gmt":"2026-04-13T15:25:02","guid":{"rendered":"https:\/\/phono.shop\/product\/the-silver-spoon-classic\/"},"modified":"2026-05-07T14:53:01","modified_gmt":"2026-05-07T12:53:01","slug":"the-silver-spoon-classic","status":"publish","type":"product","link":"https:\/\/phono.shop\/en\/product\/the-silver-spoon-classic\/","title":{"rendered":"The Silver Spoon Classic"},"content":{"rendered":"<p>\u201eThe Silver Spoon Classic\u201c \u2013 kruop\u0161\u010diai atrinkta itali\u0161kos virtuv\u0117s recept\u0173 kolekcija, paremta vienu \u017einomiausi\u0173 kulinarini\u0173 leidini\u0173 pasaulyje.<\/p>\n<p>Knygoje pateikiama 170 recept\u0173 i\u0161 skirting\u0173 Italijos region\u0173 \u2013 nuo klasikini\u0173 kasdieni\u0173 patiekal\u0173 iki sud\u0117tingesni\u0173 sezonini\u0173 derini\u0173. Leidinys remiasi \u201eIl Cucchiaio d\u2019Argento\u201c tradicija.<\/p>\n<p>Ai\u0161ki strukt\u016bra ir vizualus pateikimas leid\u017eia knyg\u0105 patogiai naudoti tiek kasdieniam gaminimui, tiek kaip esteti\u0161k\u0105 virtuv\u0117s leidin\u012f.<\/p>","protected":false},"excerpt":{"rendered":"<p>\u201eThe Silver Spoon Classic\u201c \u2013 kruop\u0161\u010diai atrinkta itali\u0161kos virtuv\u0117s recept\u0173 kolekcija, paremta vienu \u017einomiausi\u0173 kulinarini\u0173 leidini\u0173 pasaulyje. Knygoje pateikiama 170 recept\u0173 i\u0161 skirting\u0173 Italijos region\u0173 \u2013 nuo klasikini\u0173 kasdieni\u0173 patiekal\u0173 iki sud\u0117tingesni\u0173 sezonini\u0173 derini\u0173. Leidinys remiasi \u201eIl Cucchiaio d\u2019Argento\u201c tradicija. Ai\u0161ki strukt\u016bra ir vizualus pateikimas leid\u017eia knyg\u0105 patogiai naudoti tiek kasdieniam gaminimui, tiek kaip esteti\u0161k\u0105 &hellip; <a href=\"https:\/\/phono.shop\/en\/product\/the-silver-spoon-classic\/\">Continued<\/a><\/p>","protected":false},"featured_media":28525,"template":"","meta":{"_acf_changed":false},"product_brand":[],"product_cat":[134,324],"product_tag":[330],"class_list":{"0":"post-28437","1":"product","2":"type-product","3":"status-publish","4":"has-post-thumbnail","6":"product_cat-knygos","7":"product_cat-phaidon","8":"product_tag-phaidon","9":"product_shipping_class-mazas-svoris","11":"first","12":"instock","13":"taxable","14":"shipping-taxable","15":"purchasable","16":"product-type-simple"},"bundled_by":[],"bundle_stock_status":"instock","bundle_stock_quantity":4,"bundle_virtual":false,"bundle_layout":"","bundle_add_to_cart_form_location":"","bundle_editable_in_cart":false,"bundle_sold_individually_context":"","bundle_item_grouping":"","bundle_min_size":"","bundle_max_size":"","bundle_price":[],"bundled_items":[],"bundle_sell_ids":[],"acf":[],"_links":{"self":[{"href":"https:\/\/phono.shop\/en\/wp-json\/wp\/v2\/product\/28437","targetHints":{"allow":["GET"]}}],"collection":[{"href":"https:\/\/phono.shop\/en\/wp-json\/wp\/v2\/product"}],"about":[{"href":"https:\/\/phono.shop\/en\/wp-json\/wp\/v2\/types\/product"}],"wp:featuredmedia":[{"embeddable":true,"href":"https:\/\/phono.shop\/en\/wp-json\/wp\/v2\/media\/28525"}],"wp:attachment":[{"href":"https:\/\/phono.shop\/en\/wp-json\/wp\/v2\/media?parent=28437"}],"wp:term":[{"taxonomy":"product_brand","embeddable":true,"href":"https:\/\/phono.shop\/en\/wp-json\/wp\/v2\/product_brand?post=28437"},{"taxonomy":"product_cat","embeddable":true,"href":"https:\/\/phono.shop\/en\/wp-json\/wp\/v2\/product_cat?post=28437"},{"taxonomy":"product_tag","embeddable":true,"href":"https:\/\/phono.shop\/en\/wp-json\/wp\/v2\/product_tag?post=28437"}],"curies":[{"name":"wp","href":"https:\/\/api.w.org\/{rel}","templated":true}]}}