{"id":28438,"date":"2026-04-13T17:25:00","date_gmt":"2026-04-13T15:25:00","guid":{"rendered":"https:\/\/phono.shop\/product\/japan-the-cookbook\/"},"modified":"2026-04-13T17:25:01","modified_gmt":"2026-04-13T15:25:01","slug":"japan-the-cookbook","status":"publish","type":"product","link":"https:\/\/phono.shop\/en\/product\/japan-the-cookbook\/","title":{"rendered":"Japan: The Cookbook"},"content":{"rendered":"<p>\u201eJapan: The Cookbook\u201c \u2013 i\u0161samus japoni\u0161kos virtuv\u0117s leidinys, kuriame pateikiama daugiau nei 400 autenti\u0161k\u0173 recept\u0173.<\/p>\n<p>Autor\u0117 Nancy Singleton Hachisu pristato tiek klasikinius, tiek regioninius patiekalus \u2013 nuo sriub\u0173, makaron\u0173 ir ry\u017ei\u0173 iki marinuot\u0173 patiekal\u0173, desert\u0173 ir dar\u017eovi\u0173.<\/p>\n<p>Knyga i\u0161siskiria ai\u0161kia strukt\u016bra ir papildomomis pastabomis apie ingredientus, technikas bei tradicijas. Tai i\u0161samus, bet lengvai naudojamas gidas tiek pradedantiems, tiek pa\u017eengusiems.<\/p>","protected":false},"excerpt":{"rendered":"<p>\u201eJapan: The Cookbook\u201c \u2013 i\u0161samus japoni\u0161kos virtuv\u0117s leidinys, kuriame pateikiama daugiau nei 400 autenti\u0161k\u0173 recept\u0173. Autor\u0117 Nancy Singleton Hachisu pristato tiek klasikinius, tiek regioninius patiekalus \u2013 nuo sriub\u0173, makaron\u0173 ir ry\u017ei\u0173 iki marinuot\u0173 patiekal\u0173, desert\u0173 ir dar\u017eovi\u0173. Knyga i\u0161siskiria ai\u0161kia strukt\u016bra ir papildomomis pastabomis apie ingredientus, technikas bei tradicijas. Tai i\u0161samus, bet lengvai naudojamas gidas &hellip; <a href=\"https:\/\/phono.shop\/en\/product\/japan-the-cookbook\/\">Continued<\/a><\/p>","protected":false},"featured_media":28545,"template":"","meta":{"_acf_changed":false},"product_brand":[],"product_cat":[134,324],"product_tag":[330],"class_list":{"0":"post-28438","1":"product","2":"type-product","3":"status-publish","4":"has-post-thumbnail","6":"product_cat-knygos","7":"product_cat-phaidon","8":"product_tag-phaidon","9":"product_shipping_class-mazas-svoris","11":"first","12":"instock","13":"taxable","14":"shipping-taxable","15":"purchasable","16":"product-type-simple"},"bundled_by":[],"bundle_stock_status":"instock","bundle_stock_quantity":2,"bundle_virtual":false,"bundle_layout":"","bundle_add_to_cart_form_location":"","bundle_editable_in_cart":false,"bundle_sold_individually_context":"","bundle_item_grouping":"","bundle_min_size":"","bundle_max_size":"","bundle_price":[],"bundled_items":[],"bundle_sell_ids":[],"acf":[],"_links":{"self":[{"href":"https:\/\/phono.shop\/en\/wp-json\/wp\/v2\/product\/28438","targetHints":{"allow":["GET"]}}],"collection":[{"href":"https:\/\/phono.shop\/en\/wp-json\/wp\/v2\/product"}],"about":[{"href":"https:\/\/phono.shop\/en\/wp-json\/wp\/v2\/types\/product"}],"wp:featuredmedia":[{"embeddable":true,"href":"https:\/\/phono.shop\/en\/wp-json\/wp\/v2\/media\/28545"}],"wp:attachment":[{"href":"https:\/\/phono.shop\/en\/wp-json\/wp\/v2\/media?parent=28438"}],"wp:term":[{"taxonomy":"product_brand","embeddable":true,"href":"https:\/\/phono.shop\/en\/wp-json\/wp\/v2\/product_brand?post=28438"},{"taxonomy":"product_cat","embeddable":true,"href":"https:\/\/phono.shop\/en\/wp-json\/wp\/v2\/product_cat?post=28438"},{"taxonomy":"product_tag","embeddable":true,"href":"https:\/\/phono.shop\/en\/wp-json\/wp\/v2\/product_tag?post=28438"}],"curies":[{"name":"wp","href":"https:\/\/api.w.org\/{rel}","templated":true}]}}