{"id":28439,"date":"2026-04-13T17:25:01","date_gmt":"2026-04-13T15:25:01","guid":{"rendered":"https:\/\/phono.shop\/product\/mexico-the-cookbook\/"},"modified":"2026-04-13T17:25:02","modified_gmt":"2026-04-13T15:25:02","slug":"mexico-the-cookbook","status":"publish","type":"product","link":"https:\/\/phono.shop\/en\/product\/mexico-the-cookbook\/","title":{"rendered":"Mexico: The Cookbook"},"content":{"rendered":"<p>\u201eMexico: The Cookbook\u201c \u2013 i\u0161samus meksikieti\u0161kos virtuv\u0117s leidinys, laikomas vienu svarbiausi\u0173 \u0161ios kulinarin\u0117s tradicijos \u0161altini\u0173.<\/p>\n<p>Autor\u0117 Margarita Carrillo Arronte pristato daugiau nei 700 autenti\u0161k\u0173 recept\u0173, apiman\u010di\u0173 vis\u0105 \u0161alies gastronomin\u012f spektr\u0105 \u2013 nuo gatv\u0117s maisto iki regionini\u0173 patiekal\u0173.<\/p>\n<p>Knyga papildyta \u012f\u017evalgomis apie ingredientus, technikas ir kult\u016brin\u012f kontekst\u0105, tod\u0117l tampa ne tik recept\u0173 rinkiniu, bet ir nuosekliu meksikieti\u0161kos virtuv\u0117s pa\u017einimu.<\/p>","protected":false},"excerpt":{"rendered":"<p>\u201eMexico: The Cookbook\u201c \u2013 i\u0161samus meksikieti\u0161kos virtuv\u0117s leidinys, laikomas vienu svarbiausi\u0173 \u0161ios kulinarin\u0117s tradicijos \u0161altini\u0173. Autor\u0117 Margarita Carrillo Arronte pristato daugiau nei 700 autenti\u0161k\u0173 recept\u0173, apiman\u010di\u0173 vis\u0105 \u0161alies gastronomin\u012f spektr\u0105 \u2013 nuo gatv\u0117s maisto iki regionini\u0173 patiekal\u0173. Knyga papildyta \u012f\u017evalgomis apie ingredientus, technikas ir kult\u016brin\u012f kontekst\u0105, tod\u0117l tampa ne tik recept\u0173 rinkiniu, bet ir nuosekliu &hellip; <a href=\"https:\/\/phono.shop\/en\/product\/mexico-the-cookbook\/\">Continued<\/a><\/p>","protected":false},"featured_media":28533,"template":"","meta":{"_acf_changed":false},"product_brand":[],"product_cat":[134,324],"product_tag":[330],"class_list":{"0":"post-28439","1":"product","2":"type-product","3":"status-publish","4":"has-post-thumbnail","6":"product_cat-knygos","7":"product_cat-phaidon","8":"product_tag-phaidon","9":"product_shipping_class-mazas-svoris","11":"first","12":"instock","13":"taxable","14":"shipping-taxable","15":"purchasable","16":"product-type-simple"},"bundled_by":[],"bundle_stock_status":"instock","bundle_stock_quantity":6,"bundle_virtual":false,"bundle_layout":"","bundle_add_to_cart_form_location":"","bundle_editable_in_cart":false,"bundle_sold_individually_context":"","bundle_item_grouping":"","bundle_min_size":"","bundle_max_size":"","bundle_price":[],"bundled_items":[],"bundle_sell_ids":[],"acf":[],"_links":{"self":[{"href":"https:\/\/phono.shop\/en\/wp-json\/wp\/v2\/product\/28439","targetHints":{"allow":["GET"]}}],"collection":[{"href":"https:\/\/phono.shop\/en\/wp-json\/wp\/v2\/product"}],"about":[{"href":"https:\/\/phono.shop\/en\/wp-json\/wp\/v2\/types\/product"}],"wp:featuredmedia":[{"embeddable":true,"href":"https:\/\/phono.shop\/en\/wp-json\/wp\/v2\/media\/28533"}],"wp:attachment":[{"href":"https:\/\/phono.shop\/en\/wp-json\/wp\/v2\/media?parent=28439"}],"wp:term":[{"taxonomy":"product_brand","embeddable":true,"href":"https:\/\/phono.shop\/en\/wp-json\/wp\/v2\/product_brand?post=28439"},{"taxonomy":"product_cat","embeddable":true,"href":"https:\/\/phono.shop\/en\/wp-json\/wp\/v2\/product_cat?post=28439"},{"taxonomy":"product_tag","embeddable":true,"href":"https:\/\/phono.shop\/en\/wp-json\/wp\/v2\/product_tag?post=28439"}],"curies":[{"name":"wp","href":"https:\/\/api.w.org\/{rel}","templated":true}]}}