{"id":28440,"date":"2026-04-13T17:25:00","date_gmt":"2026-04-13T15:25:00","guid":{"rendered":"https:\/\/phono.shop\/product\/classic-french-recipes\/"},"modified":"2026-04-13T17:25:00","modified_gmt":"2026-04-13T15:25:00","slug":"classic-french-recipes","status":"publish","type":"product","link":"https:\/\/phono.shop\/en\/product\/classic-french-recipes\/","title":{"rendered":"Classic French Recipes"},"content":{"rendered":"<p>\u201eClassic French Recipes\u201c \u2013 klasikin\u0117s pranc\u016bzi\u0161kos virtuv\u0117s rinkinys, paremtas legendin\u0117s autor\u0117s Ginette Mathiot receptais.<\/p>\n<p>Knygoje pateikiama daugiau nei 170 recept\u0173, atspindin\u010di\u0173 tikr\u0105j\u0105 pranc\u016bzi\u0161k\u0105 nam\u0173 virtuv\u0119 \u2013 nuo paprast\u0173 kasdieni\u0173 patiekal\u0173 iki ikonini\u0173 klasik\u0173.<\/p>\n<p>Leidinys i\u0161siskiria ai\u0161kiomis instrukcijomis ir prieinamumu, tod\u0117l pranc\u016bzi\u0161ka virtuv\u0117 tampa lengviau pritaikoma namuose. Tai laikui nepavaldi kulinarin\u0117 knyga, vertinama d\u0117l paprastumo, tikslumo ir ingredient\u0173 kokyb\u0117s.<\/p>","protected":false},"excerpt":{"rendered":"<p>\u201eClassic French Recipes\u201c \u2013 klasikin\u0117s pranc\u016bzi\u0161kos virtuv\u0117s rinkinys, paremtas legendin\u0117s autor\u0117s Ginette Mathiot receptais. Knygoje pateikiama daugiau nei 170 recept\u0173, atspindin\u010di\u0173 tikr\u0105j\u0105 pranc\u016bzi\u0161k\u0105 nam\u0173 virtuv\u0119 \u2013 nuo paprast\u0173 kasdieni\u0173 patiekal\u0173 iki ikonini\u0173 klasik\u0173. Leidinys i\u0161siskiria ai\u0161kiomis instrukcijomis ir prieinamumu, tod\u0117l pranc\u016bzi\u0161ka virtuv\u0117 tampa lengviau pritaikoma namuose. Tai laikui nepavaldi kulinarin\u0117 knyga, vertinama d\u0117l paprastumo, tikslumo &hellip; <a href=\"https:\/\/phono.shop\/en\/product\/classic-french-recipes\/\">Continued<\/a><\/p>","protected":false},"featured_media":28552,"template":"","meta":{"_acf_changed":false},"product_brand":[],"product_cat":[134,324],"product_tag":[330],"class_list":{"0":"post-28440","1":"product","2":"type-product","3":"status-publish","4":"has-post-thumbnail","6":"product_cat-knygos","7":"product_cat-phaidon","8":"product_tag-phaidon","9":"product_shipping_class-mazas-svoris","11":"first","12":"instock","13":"taxable","14":"shipping-taxable","15":"purchasable","16":"product-type-simple"},"bundled_by":[],"bundle_stock_status":"instock","bundle_stock_quantity":2,"bundle_virtual":false,"bundle_layout":"","bundle_add_to_cart_form_location":"","bundle_editable_in_cart":false,"bundle_sold_individually_context":"","bundle_item_grouping":"","bundle_min_size":"","bundle_max_size":"","bundle_price":[],"bundled_items":[],"bundle_sell_ids":[],"acf":[],"_links":{"self":[{"href":"https:\/\/phono.shop\/en\/wp-json\/wp\/v2\/product\/28440","targetHints":{"allow":["GET"]}}],"collection":[{"href":"https:\/\/phono.shop\/en\/wp-json\/wp\/v2\/product"}],"about":[{"href":"https:\/\/phono.shop\/en\/wp-json\/wp\/v2\/types\/product"}],"wp:featuredmedia":[{"embeddable":true,"href":"https:\/\/phono.shop\/en\/wp-json\/wp\/v2\/media\/28552"}],"wp:attachment":[{"href":"https:\/\/phono.shop\/en\/wp-json\/wp\/v2\/media?parent=28440"}],"wp:term":[{"taxonomy":"product_brand","embeddable":true,"href":"https:\/\/phono.shop\/en\/wp-json\/wp\/v2\/product_brand?post=28440"},{"taxonomy":"product_cat","embeddable":true,"href":"https:\/\/phono.shop\/en\/wp-json\/wp\/v2\/product_cat?post=28440"},{"taxonomy":"product_tag","embeddable":true,"href":"https:\/\/phono.shop\/en\/wp-json\/wp\/v2\/product_tag?post=28440"}],"curies":[{"name":"wp","href":"https:\/\/api.w.org\/{rel}","templated":true}]}}